{"id":801,"date":"2018-08-29T19:12:43","date_gmt":"2018-08-29T22:12:43","guid":{"rendered":"https:\/\/isfdyt209-bue.infd.edu.ar\/sitio\/docentes-del-instituto-en-educacion-primaria\/"},"modified":"2025-07-14T20:26:41","modified_gmt":"2025-07-14T23:26:41","slug":"docentes-del-instituto-en-educacion-primaria","status":"publish","type":"page","link":"https:\/\/isfdyt209-bue.infd.edu.ar\/sitio\/docentes-del-instituto-en-educacion-primaria\/","title":{"rendered":"Docentes del Instituto en Educaci\u00f3n Primaria"},"content":{"rendered":"<table border=\"0\" frame=\"VOID\" rules=\"NONE\" cellspacing=\"0\">\n<colgroup>\n<col width=\"572\" \/>\n<col width=\"53\" \/>\n<col width=\"219\" \/>\n<col width=\"73\" \/><\/colgroup>\n<tbody>\n<tr>\n<td align=\"CENTER\" valign=\"MIDDLE\" bgcolor=\"#FFFF00\" width=\"572\" height=\"36\"><strong><span style=\"font-size: xx-large;\">Materias EDUCACION PRIMARIA<\/span><\/strong><\/td>\n<td align=\"CENTER\" valign=\"BOTTOM\" width=\"53\"><strong><span style=\"font-size: large;\">\u00a0<\/span><\/strong><\/td>\n<td align=\"CENTER\" valign=\"MIDDLE\" bgcolor=\"#FFFF00\" width=\"219\"><strong><span style=\"font-size: medium;\">CICLO LECTIVO: 2025<\/span><\/strong><\/td>\n<td align=\"CENTER\" valign=\"MIDDLE\" bgcolor=\"#FFFF00\" width=\"73\"><strong><span style=\"font-size: large;\">A\u00f1o<\/span><\/strong><\/td>\n<\/tr>\n<tr>\n<td align=\"LEFT\" valign=\"BOTTOM\" height=\"33\"><span style=\"color: #000000; font-family: Calibri;\">\u00a0<\/span><\/td>\n<td align=\"LEFT\" valign=\"BOTTOM\"><span style=\"color: #000000; font-family: Calibri;\">\u00a0<\/span><\/td>\n<td align=\"CENTER\" valign=\"BOTTOM\"><strong><span style=\"color: #000000; font-family: Calibri; font-size: x-large;\">DOCENTE<\/span><\/strong><\/td>\n<td align=\"LEFT\" valign=\"BOTTOM\"><strong><span style=\"font-size: large;\">\u00a0<\/span><\/strong><\/td>\n<\/tr>\n<tr>\n<td align=\"LEFT\" valign=\"MIDDLE\" bgcolor=\"#FFFF00\" height=\"26\"><strong><span style=\"font-family: 'Comic Sans MS'; font-size: medium;\">(1) Taller de Lectura, Escritura y Oralidad<\/span><\/strong><\/td>\n<td align=\"LEFT\" valign=\"BOTTOM\"><span style=\"color: #000000; font-family: Calibri;\">\u00a0<\/span><\/td>\n<td align=\"LEFT\" valign=\"BOTTOM\"><span style=\"color: #000000; font-family: Calibri;\">Ramognini, M de Los Angeles<\/span><\/td>\n<td rowspan=\"12\" align=\"CENTER\" valign=\"MIDDLE\" bgcolor=\"#FFFF99\"><strong><span style=\"font-size: x-large;\">1\u00ba a\u00f1o<\/span><\/strong><\/td>\n<\/tr>\n<tr>\n<td align=\"LEFT\" valign=\"MIDDLE\" bgcolor=\"#FFFF00\" height=\"26\"><strong><span style=\"font-family: 'Comic Sans MS'; font-size: medium;\">(2) Taller de Pensamiento L\u00f3gico Matem\u00e1tico<\/span><\/strong><\/td>\n<td align=\"LEFT\" valign=\"BOTTOM\"><span style=\"color: #000000; font-family: Calibri;\">\u00a0<\/span><\/td>\n<td align=\"LEFT\" valign=\"BOTTOM\"><span style=\"color: #000000; font-family: Calibri;\">GRECO Stella Maris<\/span><\/td>\n<\/tr>\n<tr>\n<td align=\"LEFT\" valign=\"MIDDLE\" bgcolor=\"#FFFF00\" height=\"26\"><strong><span style=\"font-family: 'Comic Sans MS'; font-size: medium;\">(3) Taller de Definici\u00f3n Institucional<\/span><\/strong><\/td>\n<td align=\"LEFT\" valign=\"BOTTOM\"><span style=\"color: #000000; font-family: Calibri;\">\u00a0<\/span><\/td>\n<td align=\"LEFT\" valign=\"BOTTOM\"><span style=\"color: #000000; font-family: Calibri;\">Pereyra Monica<\/span><\/td>\n<\/tr>\n<tr>\n<td align=\"LEFT\" valign=\"MIDDLE\" bgcolor=\"#FFFF00\" height=\"26\"><strong><span style=\"font-family: 'Comic Sans MS'; font-size: medium;\">(4) Filosof\u00eda<\/span><\/strong><\/td>\n<td align=\"LEFT\" valign=\"BOTTOM\"><span style=\"color: #000000; font-family: Calibri;\">\u00a0<\/span><\/td>\n<td align=\"LEFT\" valign=\"BOTTOM\"><span style=\"color: #000000; font-family: Calibri;\">ARROBBAS Marianela<\/span><\/td>\n<\/tr>\n<tr>\n<td align=\"LEFT\" valign=\"MIDDLE\" bgcolor=\"#FFFF00\" height=\"26\"><strong><span style=\"font-family: 'Comic Sans MS'; font-size: medium;\">(5) Did\u00e1ctica General<\/span><\/strong><\/td>\n<td align=\"LEFT\" valign=\"BOTTOM\"><span style=\"color: #000000; font-family: Calibri;\">\u00a0<\/span><\/td>\n<td align=\"LEFT\" valign=\"BOTTOM\"><span style=\"color: #000000; font-family: Calibri;\">VIEYRA Patricia Mirtha<\/span><\/td>\n<\/tr>\n<tr>\n<td align=\"LEFT\" valign=\"MIDDLE\" bgcolor=\"#FFFF00\" height=\"26\"><strong><span style=\"font-family: 'Comic Sans MS'; font-size: medium;\">(6) Pedagog\u00eda<\/span><\/strong><\/td>\n<td align=\"LEFT\" valign=\"BOTTOM\"><span style=\"color: #000000; font-family: Calibri;\">\u00a0<\/span><\/td>\n<td align=\"LEFT\" valign=\"BOTTOM\">Sena Marianela<\/td>\n<\/tr>\n<tr>\n<td align=\"LEFT\" valign=\"MIDDLE\" bgcolor=\"#FFFF00\" height=\"26\"><strong><span style=\"font-family: 'Comic Sans MS'; font-size: medium;\">(7) An\u00e1lisis del Mundo Contempor\u00e1neo<\/span><\/strong><\/td>\n<td align=\"LEFT\" valign=\"BOTTOM\"><span style=\"color: #000000; font-family: Calibri;\">\u00a0<\/span><\/td>\n<td style=\"text-align: left;\" align=\"CENTER\" valign=\"BOTTOM\">Sena Marianela<\/td>\n<\/tr>\n<tr>\n<td align=\"LEFT\" valign=\"MIDDLE\" bgcolor=\"#FFFF00\" height=\"26\"><strong><span style=\"font-family: 'Comic Sans MS'; font-size: medium;\">(8) Psicolog\u00eda del Desarrollo y el Aprendizaje I<\/span><\/strong><\/td>\n<td align=\"LEFT\" valign=\"BOTTOM\"><span style=\"color: #000000; font-family: Calibri;\">\u00a0<\/span><\/td>\n<td align=\"LEFT\" valign=\"BOTTOM\"><span style=\"color: #000000; font-family: Calibri;\">CHAVES Mercedes<\/span><\/td>\n<\/tr>\n<tr>\n<td align=\"LEFT\" valign=\"MIDDLE\" bgcolor=\"#FFFF00\" height=\"26\"><strong><span style=\"font-family: 'Comic Sans MS'; font-size: medium;\">(9) Corporeidad y Motricidad<\/span><\/strong><\/td>\n<td align=\"LEFT\" valign=\"BOTTOM\"><span style=\"color: #000000; font-family: Calibri;\">\u00a0<\/span><\/td>\n<td align=\"LEFT\" valign=\"BOTTOM\">FERRERO, Gabriela<\/td>\n<\/tr>\n<tr>\n<td align=\"LEFT\" valign=\"MIDDLE\" bgcolor=\"#FFFF00\" height=\"26\"><strong><span style=\"font-family: 'Comic Sans MS'; font-size: medium;\">(10) Arte y Educaci\u00f3n<\/span><\/strong><\/td>\n<td align=\"LEFT\" valign=\"BOTTOM\"><span style=\"color: #000000; font-family: Calibri;\">\u00a0<\/span><\/td>\n<td align=\"LEFT\" valign=\"BOTTOM\">Baeza, Camila<\/td>\n<\/tr>\n<tr>\n<td align=\"LEFT\" valign=\"MIDDLE\" bgcolor=\"#FFFF00\" height=\"26\"><strong><span style=\"font-family: 'Comic Sans MS'; font-size: medium;\">(11) Campo de la Pr\u00e1ctica Docente I<\/span><\/strong><\/td>\n<td align=\"LEFT\" valign=\"BOTTOM\"><span style=\"color: #000000; font-family: Calibri;\">\u00a0<\/span><\/td>\n<td align=\"LEFT\" valign=\"BOTTOM\"><span style=\"color: #000000; font-family: Calibri;\">LEDESMA Sylvia<\/span><\/td>\n<\/tr>\n<tr>\n<td align=\"LEFT\" valign=\"MIDDLE\" bgcolor=\"#FFFF00\" height=\"36\"><strong><span style=\"font-family: 'Comic Sans MS'; font-size: medium;\">FONOAUDIOLOGIA<\/span><\/strong><\/td>\n<td align=\"LEFT\" valign=\"BOTTOM\"><span style=\"color: #000000; font-family: Calibri;\">\u00a0<\/span><\/td>\n<td align=\"LEFT\" valign=\"BOTTOM\"><span style=\"color: #000000; font-family: Calibri;\">PEDREIRA Marcela Ver\u00f3nica<\/span><\/td>\n<\/tr>\n<tr>\n<td align=\"CENTER\" valign=\"MIDDLE\" height=\"27\"><strong><span style=\"font-family: 'Comic Sans MS'; font-size: medium;\">\u00a0<\/span><\/strong><\/td>\n<td align=\"LEFT\" valign=\"BOTTOM\"><span style=\"color: #000000; font-family: Calibri;\">\u00a0<\/span><\/td>\n<td align=\"LEFT\" valign=\"BOTTOM\"><span style=\"color: #000000; font-family: Calibri;\">\u00a0<\/span><\/td>\n<td align=\"LEFT\" valign=\"BOTTOM\"><strong><span style=\"font-size: large;\">\u00a0<\/span><\/strong><\/td>\n<\/tr>\n<tr>\n<td align=\"LEFT\" valign=\"MIDDLE\" bgcolor=\"#FFFF00\" height=\"26\"><strong><span style=\"font-family: 'Comic Sans MS'; font-size: medium;\">(13) Teor\u00edas Sociopol\u00edticas y Educaci\u00f3n<\/span><\/strong><\/td>\n<td align=\"LEFT\" valign=\"BOTTOM\"><span style=\"color: #000000; font-family: Calibri;\">\u00a0<\/span><\/td>\n<td align=\"LEFT\" valign=\"BOTTOM\">RAMIREZ, Daniel.<\/td>\n<td rowspan=\"12\" align=\"CENTER\" valign=\"MIDDLE\" bgcolor=\"#FFFF99\"><strong><span style=\"font-size: x-large;\">2\u00ba a\u00f1o<\/span><\/strong><\/td>\n<\/tr>\n<tr>\n<td align=\"LEFT\" valign=\"MIDDLE\" bgcolor=\"#FFFF00\" height=\"26\"><strong><span style=\"font-family: 'Comic Sans MS'; font-size: medium;\">(14) Did\u00e1ctica y Curr\u00edculum del Nivel Primario<\/span><\/strong><\/td>\n<td align=\"LEFT\" valign=\"BOTTOM\"><span style=\"color: #000000; font-family: Calibri;\">\u00a0<\/span><\/td>\n<td align=\"LEFT\" valign=\"BOTTOM\"><span style=\"color: #000000; font-family: Calibri;\">FELLINI Marta Claudia<\/span><\/td>\n<\/tr>\n<tr>\n<td align=\"LEFT\" valign=\"MIDDLE\" bgcolor=\"#FFFF00\" height=\"26\"><strong><span style=\"font-family: 'Comic Sans MS'; font-size: medium;\">(15) Psicolog\u00eda del Desarrollo y el Aprendizaje II<\/span><\/strong><\/td>\n<td align=\"LEFT\" valign=\"BOTTOM\"><span style=\"color: #000000; font-family: Calibri;\">\u00a0<\/span><\/td>\n<td align=\"LEFT\" valign=\"BOTTOM\"><span style=\"color: #000000; font-family: Calibri;\">CHAVES, Mercedes<\/span><\/td>\n<\/tr>\n<tr>\n<td align=\"LEFT\" valign=\"MIDDLE\" bgcolor=\"#FFFF00\" height=\"26\"><strong><span style=\"font-family: 'Comic Sans MS'; font-size: medium;\">(16) Psicolog\u00eda Social e Institucional<\/span><\/strong><\/td>\n<td align=\"LEFT\" valign=\"BOTTOM\"><span style=\"color: #000000; font-family: Calibri;\">\u00a0<\/span><\/td>\n<td align=\"LEFT\" valign=\"BOTTOM\"><span style=\"color: #000000; font-family: Calibri;\">FELLINI Marta Claudia<\/span><\/td>\n<\/tr>\n<tr>\n<td align=\"LEFT\" valign=\"MIDDLE\" bgcolor=\"#FFFF00\" height=\"26\"><strong><span style=\"font-family: 'Comic Sans MS'; font-size: medium;\">(17) Cultura, Comunicaci\u00f3n y Educaci\u00f3n<\/span><\/strong><\/td>\n<td align=\"LEFT\" valign=\"BOTTOM\"><span style=\"color: #000000; font-family: Calibri;\">\u00a0<\/span><\/td>\n<td align=\"LEFT\" valign=\"BOTTOM\"><span style=\"color: #000000; font-family: Calibri;\">MUJICA Mar\u00eda Fernanda<\/span><\/td>\n<\/tr>\n<tr>\n<td align=\"LEFT\" valign=\"MIDDLE\" bgcolor=\"#FFFF00\" height=\"26\"><strong><span style=\"font-family: 'Comic Sans MS'; font-size: medium;\">(18) Educaci\u00f3n Art\u00edstica<\/span><\/strong><\/td>\n<td align=\"LEFT\" valign=\"BOTTOM\"><span style=\"color: #000000; font-family: Calibri;\">\u00a0<\/span><\/td>\n<td align=\"LEFT\" valign=\"BOTTOM\">Baeza, Camila<\/td>\n<\/tr>\n<tr>\n<td align=\"LEFT\" valign=\"MIDDLE\" bgcolor=\"#FFFF00\" height=\"26\"><strong><span style=\"font-family: 'Comic Sans MS'; font-size: medium;\">(19) Did\u00e1ctica de Pr\u00e1cticas del Lenguaje y la Literatura I<\/span><\/strong><\/td>\n<td align=\"LEFT\" valign=\"BOTTOM\"><span style=\"color: #000000; font-family: Calibri;\">\u00a0<\/span><\/td>\n<td align=\"LEFT\" valign=\"BOTTOM\"><span style=\"color: #000000; font-family: Calibri;\">CRESTA Anal\u00eda<\/span><\/td>\n<\/tr>\n<tr>\n<td align=\"LEFT\" valign=\"MIDDLE\" bgcolor=\"#FFFF00\" height=\"26\"><strong><span style=\"font-family: 'Comic Sans MS'; font-size: medium;\">(20) Did\u00e1ctica de las Ciencias Sociales I<\/span><\/strong><\/td>\n<td align=\"LEFT\" valign=\"BOTTOM\"><span style=\"color: #000000; font-family: Calibri;\">\u00a0<\/span><\/td>\n<td align=\"LEFT\" valign=\"BOTTOM\">TAFURO, Ana Mar\u00eda<\/td>\n<\/tr>\n<tr>\n<td align=\"LEFT\" valign=\"MIDDLE\" bgcolor=\"#FFFF00\" height=\"26\"><strong><span style=\"font-family: 'Comic Sans MS'; font-size: medium;\">(21) Did\u00e1ctica de las Ciencias Naturales I<\/span><\/strong><\/td>\n<td align=\"LEFT\" valign=\"BOTTOM\"><span style=\"color: #000000; font-family: Calibri;\">\u00a0<\/span><\/td>\n<td align=\"LEFT\" valign=\"BOTTOM\"><span style=\"color: #000000; font-family: Calibri;\">DECIMAVILLA Felisa<\/span><\/td>\n<\/tr>\n<tr>\n<td align=\"LEFT\" valign=\"MIDDLE\" bgcolor=\"#FFFF00\" height=\"26\"><strong><span style=\"font-family: 'Comic Sans MS'; font-size: medium;\">(22) Did\u00e1ctica de la Matem\u00e1tica I <\/span><\/strong><\/td>\n<td align=\"LEFT\" valign=\"BOTTOM\"><span style=\"color: #000000; font-family: Calibri;\">\u00a0<\/span><\/td>\n<td align=\"LEFT\" valign=\"BOTTOM\"><span style=\"color: #000000; font-family: Calibri;\">Dos SANTOS GARCIA Sylvia<\/span><\/td>\n<\/tr>\n<tr>\n<td align=\"LEFT\" valign=\"MIDDLE\" bgcolor=\"#FFFF00\" height=\"26\"><strong><span style=\"font-family: 'Comic Sans MS'; font-size: medium;\">(23) Campo de la Pr\u00e1ctica Docente II<\/span><\/strong><\/td>\n<td align=\"LEFT\" valign=\"BOTTOM\"><span style=\"color: #000000; font-family: Calibri;\">\u00a0<\/span><\/td>\n<td align=\"LEFT\" valign=\"BOTTOM\"><span style=\"color: #000000; font-family: Calibri;\">CRESTA Anal\u00eda<\/span><\/td>\n<\/tr>\n<tr>\n<td align=\"LEFT\" valign=\"MIDDLE\" bgcolor=\"#FFFF00\" height=\"26\"><strong><span style=\"font-family: 'Comic Sans MS'; font-size: medium;\">(24) TFO (Tec. Aplicada a la Did.en el Nivel Primaria)<\/span><\/strong><\/td>\n<td align=\"LEFT\" valign=\"BOTTOM\"><span style=\"color: #000000; font-family: Calibri;\">\u00a0<\/span><\/td>\n<td align=\"LEFT\" valign=\"BOTTOM\"><span style=\"color: #000000; font-family: Calibri;\">MARQUEST\u00d3, Guillermo<\/span><\/td>\n<\/tr>\n<tr>\n<td align=\"LEFT\" valign=\"BOTTOM\" height=\"27\"><span style=\"font-size: medium;\">\u00a0<\/span><\/td>\n<td align=\"LEFT\" valign=\"BOTTOM\"><span style=\"color: #000000; font-family: Calibri;\">\u00a0<\/span><\/td>\n<td align=\"LEFT\" valign=\"BOTTOM\"><span style=\"color: #000000; font-family: Calibri;\">\u00a0<\/span><\/td>\n<td align=\"LEFT\" valign=\"BOTTOM\"><strong><span style=\"font-size: large;\">\u00a0<\/span><\/strong><\/td>\n<\/tr>\n<tr>\n<td align=\"LEFT\" valign=\"MIDDLE\" bgcolor=\"#FFFF00\" height=\"26\"><strong><span style=\"font-family: 'Comic Sans MS'; font-size: medium;\">(26) Historia y Prospectiva de la Educaci\u00f3n<\/span><\/strong><\/td>\n<td align=\"LEFT\" valign=\"BOTTOM\"><span style=\"color: #000000; font-family: Calibri;\">\u00a0<\/span><\/td>\n<td align=\"LEFT\" valign=\"BOTTOM\"><span style=\"color: #000000; font-family: Calibri;\">MUJICA Fernanda<\/span><\/td>\n<td rowspan=\"12\" align=\"CENTER\" valign=\"MIDDLE\" bgcolor=\"#FFFF99\"><strong><span style=\"font-size: x-large;\">3\u00ba a\u00f1o<\/span><\/strong><\/td>\n<\/tr>\n<tr>\n<td align=\"LEFT\" valign=\"MIDDLE\" bgcolor=\"#FFFF00\" height=\"26\"><strong><span style=\"font-family: 'Comic Sans MS'; font-size: medium;\">(27) Pol\u00edticas, Legislaci\u00f3n y Administraci\u00f3n del Trabajo Escolar<\/span><\/strong><\/td>\n<td align=\"LEFT\" valign=\"BOTTOM\"><span style=\"color: #000000; font-family: Calibri;\">\u00a0<\/span><\/td>\n<td align=\"LEFT\" valign=\"BOTTOM\">VAZQUEZ, M Cristina.<\/td>\n<\/tr>\n<tr>\n<td align=\"LEFT\" valign=\"MIDDLE\" bgcolor=\"#FFFF00\" height=\"26\"><strong><span style=\"font-family: 'Comic Sans MS'; font-size: medium;\">(28) Configuraciones Culturales del Sujeto Educativo de Primaria<\/span><\/strong><\/td>\n<td align=\"LEFT\" valign=\"BOTTOM\"><span style=\"color: #000000; font-family: Calibri;\">\u00a0<\/span><\/td>\n<td style=\"text-align: left;\" align=\"CENTER\" valign=\"BOTTOM\">RODRIGUEZ ZU\u00d1IGA, N.<\/td>\n<\/tr>\n<tr>\n<td align=\"LEFT\" valign=\"MIDDLE\" bgcolor=\"#FFFF00\" height=\"26\"><strong><span style=\"font-family: 'Comic Sans MS'; font-size: medium;\">(29) Medios Audiovisuales, TIC\u00b4s y Educaci\u00f3n<\/span><\/strong><\/td>\n<td align=\"LEFT\" valign=\"BOTTOM\"><span style=\"color: #000000; font-family: Calibri;\">\u00a0<\/span><\/td>\n<td align=\"LEFT\" valign=\"BOTTOM\">MARQUEST\u00d3, Guillermo.<\/td>\n<\/tr>\n<tr>\n<td align=\"LEFT\" valign=\"MIDDLE\" bgcolor=\"#FFFF00\" height=\"26\"><strong><span style=\"font-family: 'Comic Sans MS'; font-size: medium;\">(30) Educaci\u00f3n F\u00edsica Escolar<\/span><\/strong><\/td>\n<td align=\"LEFT\" valign=\"BOTTOM\"><span style=\"color: #000000; font-family: Calibri;\">\u00a0<\/span><\/td>\n<td align=\"LEFT\" valign=\"BOTTOM\">SILVA Nancy.<\/td>\n<\/tr>\n<tr>\n<td align=\"LEFT\" valign=\"MIDDLE\" bgcolor=\"#FFFF00\" height=\"26\"><strong><span style=\"font-family: 'Comic Sans MS'; font-size: medium;\">(31) Did\u00e1ctica de Pr\u00e1cticas del Lenguaje y la Literatura II<\/span><\/strong><\/td>\n<td align=\"LEFT\" valign=\"BOTTOM\"><span style=\"color: #000000; font-family: Calibri;\">\u00a0<\/span><\/td>\n<td align=\"LEFT\" valign=\"BOTTOM\"><span style=\"color: #000000; font-family: Calibri;\">LOMBARDO, Ver\u00f3nica.<\/span><\/td>\n<\/tr>\n<tr>\n<td align=\"LEFT\" valign=\"MIDDLE\" bgcolor=\"#FFFF00\" height=\"26\"><strong><span style=\"font-family: 'Comic Sans MS'; font-size: medium;\">(32) Did\u00e1ctica de las Ciencias Sociales II<\/span><\/strong><\/td>\n<td align=\"LEFT\" valign=\"BOTTOM\"><span style=\"color: #000000; font-family: Calibri;\">\u00a0<\/span><\/td>\n<td align=\"LEFT\" valign=\"BOTTOM\"><span style=\"color: #000000; font-family: Calibri;\">BENEGAS, Cristian.<\/span><\/td>\n<\/tr>\n<tr>\n<td align=\"LEFT\" valign=\"MIDDLE\" bgcolor=\"#FFFF00\" height=\"26\"><strong><span style=\"font-family: 'Comic Sans MS'; font-size: medium;\">(33) Did\u00e1ctica de las Ciencias Naturales II<\/span><\/strong><\/td>\n<td align=\"LEFT\" valign=\"BOTTOM\"><span style=\"color: #000000; font-family: Calibri;\">\u00a0<\/span><\/td>\n<td align=\"LEFT\" valign=\"BOTTOM\"><span style=\"color: #000000; font-family: Calibri;\">NIEVA, Julieta.<\/span><\/td>\n<\/tr>\n<tr>\n<td align=\"LEFT\" valign=\"MIDDLE\" bgcolor=\"#FFFF00\" height=\"26\"><strong><span style=\"font-family: 'Comic Sans MS'; font-size: medium;\">(34) Did\u00e1ctica de la Matem\u00e1tica I I<\/span><\/strong><\/td>\n<td align=\"LEFT\" valign=\"BOTTOM\"><span style=\"color: #000000; font-family: Calibri;\">\u00a0<\/span><\/td>\n<td align=\"LEFT\" valign=\"BOTTOM\"><span style=\"color: #000000; font-family: Calibri;\">Dos SANTOS, Sylvia<\/span><\/td>\n<\/tr>\n<tr>\n<td align=\"LEFT\" valign=\"MIDDLE\" bgcolor=\"#FFFF00\" height=\"26\"><strong><span style=\"font-family: 'Comic Sans MS'; font-size: medium;\">(35) Campo de la Pr\u00e1ctica Docente III<\/span><\/strong><\/td>\n<td align=\"LEFT\" valign=\"BOTTOM\"><span style=\"color: #000000; font-family: Calibri;\">\u00a0<\/span><\/td>\n<td align=\"LEFT\" valign=\"BOTTOM\"><span style=\"color: #000000; font-family: Calibri;\">CAPACE Laura<\/span><\/td>\n<\/tr>\n<tr>\n<td align=\"LEFT\" valign=\"MIDDLE\" bgcolor=\"#FFFF00\" height=\"26\"><strong><span style=\"font-family: 'Comic Sans MS'; font-size: medium;\">(36) TFO ESI ( Emociones, Inclusion y Diversidad )<\/span><\/strong><\/td>\n<td align=\"LEFT\" valign=\"BOTTOM\"><span style=\"color: #000000; font-family: Calibri;\">\u00a0<\/span><\/td>\n<td align=\"LEFT\" valign=\"BOTTOM\">SACCO, Paola<\/td>\n<\/tr>\n<tr>\n<td align=\"LEFT\" valign=\"MIDDLE\" bgcolor=\"#FFFF00\" height=\"27\"><strong><span style=\"font-family: 'Comic Sans MS'; font-size: medium;\">(37) TFO<\/span><\/strong><\/td>\n<td align=\"LEFT\" valign=\"BOTTOM\"><span style=\"color: #000000; font-family: Calibri;\">\u00a0<\/span><\/td>\n<td align=\"LEFT\" valign=\"BOTTOM\"><\/td>\n<\/tr>\n<tr>\n<td align=\"LEFT\" valign=\"MIDDLE\" height=\"33\"><strong><span style=\"font-family: 'Comic Sans MS'; font-size: medium;\">\u00a0<\/span><\/strong><\/td>\n<td align=\"LEFT\" valign=\"BOTTOM\"><span style=\"color: #000000; font-family: Calibri;\">\u00a0<\/span><\/td>\n<td align=\"LEFT\" valign=\"BOTTOM\"><span style=\"color: #000000; font-family: Calibri;\">\u00a0<\/span><\/td>\n<td align=\"CENTER\" valign=\"MIDDLE\"><strong><span style=\"font-size: x-large;\">\u00a0<\/span><\/strong><\/td>\n<\/tr>\n<tr>\n<td align=\"LEFT\" valign=\"MIDDLE\" bgcolor=\"#FFFF00\" height=\"26\"><strong><span style=\"font-family: 'Comic Sans MS'; font-size: medium;\">(38) Reflexi\u00f3n Filos\u00f3fica de la Educaci\u00f3n<\/span><\/strong><\/td>\n<td align=\"LEFT\" valign=\"BOTTOM\"><span style=\"color: #000000; font-family: Calibri;\">\u00a0<\/span><\/td>\n<td align=\"LEFT\" valign=\"BOTTOM\"><span style=\"color: #000000; font-family: Calibri;\">CASTRO, Damian.<\/span><\/td>\n<td rowspan=\"9\" align=\"CENTER\" valign=\"MIDDLE\" bgcolor=\"#FFFF99\"><strong><span style=\"font-size: x-large;\">4\u00ba a\u00f1o<\/span><\/strong><\/td>\n<\/tr>\n<tr>\n<td align=\"LEFT\" valign=\"MIDDLE\" bgcolor=\"#FFFF00\" height=\"26\"><strong><span style=\"font-family: 'Comic Sans MS'; font-size: medium;\">(39) Dimensi\u00f3n \u00c9tico Pol\u00edtica de la Praxis Docente<\/span><\/strong><\/td>\n<td align=\"LEFT\" valign=\"BOTTOM\"><span style=\"color: #000000; font-family: Calibri;\">\u00a0<\/span><\/td>\n<td align=\"LEFT\" valign=\"BOTTOM\">RAMIREZ, Daniel.<\/td>\n<\/tr>\n<tr>\n<td align=\"LEFT\" valign=\"MIDDLE\" bgcolor=\"#FFFF00\" height=\"26\"><strong><span style=\"font-family: 'Comic Sans MS'; font-size: medium;\">(40) Pedagog\u00eda Critica de las Diferencias<\/span><\/strong><\/td>\n<td align=\"LEFT\" valign=\"BOTTOM\"><span style=\"color: #000000; font-family: Calibri;\">\u00a0<\/span><\/td>\n<td align=\"LEFT\" valign=\"BOTTOM\">RAMIREZ, Daniel.<\/td>\n<\/tr>\n<tr>\n<td align=\"LEFT\" valign=\"MIDDLE\" bgcolor=\"#FFFF00\" height=\"26\"><strong><span style=\"font-family: 'Comic Sans MS'; font-size: medium;\">(41) Ateneo de Pr\u00e1cticas del Lenguaje y la Literatura<\/span><\/strong><\/td>\n<td align=\"LEFT\" valign=\"BOTTOM\"><span style=\"color: #000000; font-family: Calibri;\">\u00a0<\/span><\/td>\n<td align=\"LEFT\" valign=\"BOTTOM\">CAPACE, Laura.<\/td>\n<\/tr>\n<tr>\n<td align=\"LEFT\" valign=\"MIDDLE\" bgcolor=\"#FFFF00\" height=\"26\"><strong><span style=\"font-family: 'Comic Sans MS'; font-size: medium;\">(42) Ateneo de Ciencias Sociales<\/span><\/strong><\/td>\n<td align=\"LEFT\" valign=\"BOTTOM\"><span style=\"color: #000000; font-family: Calibri;\">\u00a0<\/span><\/td>\n<td align=\"LEFT\" valign=\"BOTTOM\"><span style=\"color: #000000; font-family: Calibri;\">TAFURO, Ana Mar\u00eda.<\/span><\/td>\n<\/tr>\n<tr>\n<td align=\"LEFT\" valign=\"MIDDLE\" bgcolor=\"#FFFF00\" height=\"26\"><strong><span style=\"font-family: 'Comic Sans MS'; font-size: medium;\">(43) Ateneo de Ciencias Naturales<\/span><\/strong><\/td>\n<td align=\"LEFT\" valign=\"BOTTOM\"><span style=\"color: #000000; font-family: Calibri;\">\u00a0<\/span><\/td>\n<td align=\"LEFT\" valign=\"BOTTOM\"><span style=\"color: #000000; font-family: Calibri;\">DECIMAVILLA Felisa<\/span><\/td>\n<\/tr>\n<tr>\n<td align=\"LEFT\" valign=\"MIDDLE\" bgcolor=\"#FFFF00\" height=\"26\"><strong><span style=\"font-family: 'Comic Sans MS'; font-size: medium;\">(44) Ateneo de Matem\u00e1tica<\/span><\/strong><\/td>\n<td align=\"LEFT\" valign=\"BOTTOM\"><span style=\"color: #000000; font-family: Calibri;\">\u00a0<\/span><\/td>\n<td align=\"LEFT\" valign=\"BOTTOM\"><span style=\"color: #000000; font-family: Calibri;\">Dos SANTOS, Sylvia<\/span><\/td>\n<\/tr>\n<tr>\n<td align=\"LEFT\" valign=\"MIDDLE\" bgcolor=\"#FFFF00\" height=\"26\"><strong><span style=\"font-family: 'Comic Sans MS'; font-size: medium;\">(45) Campo de la Pr\u00e1ctica IV<\/span><\/strong><\/td>\n<td align=\"LEFT\" valign=\"BOTTOM\"><span style=\"color: #000000; font-family: Calibri;\">\u00a0<\/span><\/td>\n<td align=\"LEFT\" valign=\"BOTTOM\"><span style=\"color: #000000; font-family: Calibri;\">MIRANDA Judith<\/span><\/td>\n<\/tr>\n<tr>\n<td align=\"LEFT\" valign=\"MIDDLE\" bgcolor=\"#FFFF00\" height=\"26\"><strong><span style=\"font-family: 'Comic Sans MS'; font-size: medium;\">(46) TFO ( Planificaci\u00f3n y el Emergente)<\/span><\/strong><\/td>\n<td align=\"LEFT\" valign=\"BOTTOM\"><span style=\"color: #000000; font-family: Calibri;\">\u00a0<\/span><\/td>\n<td align=\"LEFT\" valign=\"BOTTOM\">TAQUELA, Ivana.<\/td>\n<\/tr>\n<\/tbody>\n<\/table>\n","protected":false},"excerpt":{"rendered":"<p>Materias EDUCACION PRIMARIA \u00a0 CICLO LECTIVO: 2025 A\u00f1o \u00a0 \u00a0 DOCENTE \u00a0 (1) Taller de Lectura, Escritura y Oralidad \u00a0 Ramognini, M de Los Angeles 1\u00ba a\u00f1o (2) Taller de Pensamiento L\u00f3gico Matem\u00e1tico \u00a0 GRECO Stella Maris (3) Taller de Definici\u00f3n Institucional \u00a0 Pereyra Monica (4) Filosof\u00eda \u00a0 ARROBBAS Marianela (5) Did\u00e1ctica General \u00a0 VIEYRA &#8230; <a title=\"Docentes del Instituto en Educaci\u00f3n Primaria\" class=\"read-more\" href=\"https:\/\/isfdyt209-bue.infd.edu.ar\/sitio\/docentes-del-instituto-en-educacion-primaria\/\" aria-label=\"More on Docentes del Instituto en Educaci\u00f3n Primaria\">[+]<\/a><\/p>\n","protected":false},"author":120,"featured_media":0,"parent":0,"menu_order":0,"comment_status":"closed","ping_status":"closed","template":"","meta":[],"acf":[],"_links":{"self":[{"href":"https:\/\/isfdyt209-bue.infd.edu.ar\/sitio\/wp-json\/wp\/v2\/pages\/801"}],"collection":[{"href":"https:\/\/isfdyt209-bue.infd.edu.ar\/sitio\/wp-json\/wp\/v2\/pages"}],"about":[{"href":"https:\/\/isfdyt209-bue.infd.edu.ar\/sitio\/wp-json\/wp\/v2\/types\/page"}],"author":[{"embeddable":true,"href":"https:\/\/isfdyt209-bue.infd.edu.ar\/sitio\/wp-json\/wp\/v2\/users\/120"}],"replies":[{"embeddable":true,"href":"https:\/\/isfdyt209-bue.infd.edu.ar\/sitio\/wp-json\/wp\/v2\/comments?post=801"}],"version-history":[{"count":3,"href":"https:\/\/isfdyt209-bue.infd.edu.ar\/sitio\/wp-json\/wp\/v2\/pages\/801\/revisions"}],"predecessor-version":[{"id":7399,"href":"https:\/\/isfdyt209-bue.infd.edu.ar\/sitio\/wp-json\/wp\/v2\/pages\/801\/revisions\/7399"}],"wp:attachment":[{"href":"https:\/\/isfdyt209-bue.infd.edu.ar\/sitio\/wp-json\/wp\/v2\/media?parent=801"}],"curies":[{"name":"wp","href":"https:\/\/api.w.org\/{rel}","templated":true}]}}