{"id":799,"date":"2018-08-29T19:12:42","date_gmt":"2018-08-29T22:12:42","guid":{"rendered":"https:\/\/isfdyt209-bue.infd.edu.ar\/sitio\/calendario-institucional-2017-18\/"},"modified":"2023-02-13T19:14:50","modified_gmt":"2023-02-13T22:14:50","slug":"calendario-institucional-2017-18","status":"publish","type":"page","link":"https:\/\/isfdyt209-bue.infd.edu.ar\/sitio\/calendario-institucional-2017-18\/","title":{"rendered":"HORARIOS, CALENDARIO INSTITUCIONAL 2022\/2023"},"content":{"rendered":"\n<p>Les compartimos el calendario de actividades organizados para los pr\u00f3ximos meses y el Horario de cada carrera. Abajo tienen  el link para poder descargarlo.<\/p>\n\n\n\n<figure class=\"wp-block-table\"><table><tbody><tr><td class=\"has-text-align-center\" data-align=\"center\">&nbsp;<\/td><td>&nbsp;<\/td><td>&nbsp;<\/td><td class=\"has-text-align-center\" data-align=\"center\"><strong><span class=\"has-inline-color has-vivid-red-color\">&nbsp;AGENDA ESTUDIANTIL de INICIO Ciclo Lectivo 2023<\/span><\/strong><\/td><\/tr><tr><td class=\"has-text-align-center\" data-align=\"center\"><\/td><\/tr><tr><td class=\"has-text-align-center\" data-align=\"center\">&nbsp;<\/td><td><\/td><td><\/td><td class=\"has-text-align-center\" data-align=\"center\">&nbsp;<\/td><\/tr><tr><td class=\"has-text-align-center\" data-align=\"center\"><strong>14-feb<\/strong><\/td><td><strong>a&nbsp;<\/strong><\/td><td><strong>17-feb<\/strong><\/td><td class=\"has-text-align-center\" data-align=\"center\">INSCRIPCI\u00d3N A MESAS DE EX\u00c1MENES&nbsp; (Feb-Mzo 2023)<\/td><\/tr><tr><td class=\"has-text-align-center\" data-align=\"center\"><strong>&nbsp;<\/strong><\/td><td><\/td><td><\/td><td class=\"has-text-align-center\" data-align=\"center\">&nbsp;<\/td><\/tr><tr><td class=\"has-text-align-center\" data-align=\"center\"><strong>15-feb<\/strong><\/td><td><strong>a&nbsp;<\/strong><\/td><td><strong>24-feb<\/strong><\/td><td class=\"has-text-align-center\" data-align=\"center\">INSCRIPCI\u00d3N A PRIMER A\u00d1O 2023<\/td><\/tr><tr><td class=\"has-text-align-center\" data-align=\"center\"><strong>&nbsp;<\/strong><\/td><td><\/td><td><\/td><td class=\"has-text-align-center\" data-align=\"center\">&nbsp;<\/td><\/tr><tr><td class=\"has-text-align-center\" data-align=\"center\"><strong>23-feb<\/strong><\/td><td><strong>a&nbsp;<\/strong><\/td><td><strong>27-mar<\/strong><\/td><td class=\"has-text-align-center\" data-align=\"center\">MESAS DE EX\u00c1MENES&nbsp;<\/td><\/tr><tr><td class=\"has-text-align-center\" data-align=\"center\"><strong>&nbsp;<\/strong><\/td><td><\/td><td><\/td><td class=\"has-text-align-center\" data-align=\"center\">&nbsp;<\/td><\/tr><tr><td class=\"has-text-align-center\" data-align=\"center\"><strong>6-mar<\/strong><\/td><td><strong>a&nbsp;<\/strong><\/td><td><strong>17-mar<\/strong><\/td><td class=\"has-text-align-center\" data-align=\"center\">INSCRIPCI\u00d3N A CURSADO de MATERIAS 2023<\/td><\/tr><tr><td class=\"has-text-align-center\" data-align=\"center\"><strong>&nbsp;<\/strong><\/td><td><\/td><td><\/td><td class=\"has-text-align-center\" data-align=\"center\">&nbsp;<\/td><\/tr><tr><td class=\"has-text-align-center\" data-align=\"center\"><strong>3-abr<\/strong><\/td><td><strong>a&nbsp;<\/strong><\/td><td><strong>5-abr<\/strong><\/td><td class=\"has-text-align-center\" data-align=\"center\">CURSO INGRESO 1er A\u00d1O 2023<\/td><\/tr><tr><td class=\"has-text-align-center\" data-align=\"center\"><strong>&nbsp;<\/strong><\/td><td><\/td><td><\/td><td class=\"has-text-align-center\" data-align=\"center\">&nbsp;<\/td><\/tr><tr><td class=\"has-text-align-center\" data-align=\"center\"><strong>10-abr<\/strong><\/td><td><\/td><td><\/td><td class=\"has-text-align-center\" data-align=\"center\">INICIO CLASES CICLO LECTIVO 2023<\/td><\/tr><tr><td class=\"has-text-align-center\" data-align=\"center\">&nbsp;<\/td><td>&nbsp;<\/td><td>&nbsp;<\/td><td class=\"has-text-align-center\" data-align=\"center\">&nbsp;<\/td><\/tr><\/tbody><\/table><figcaption class=\"wp-element-caption\"><mark style=\"background-color:rgba(0, 0, 0, 0)\" class=\"has-inline-color has-vivid-red-color\">\u00a1\u00a1\u00a1\u00a1\u00a1PRESTAR ATENCI\u00d3N A LAS FECHAS!!!!!<\/mark><\/figcaption><\/figure>\n\n\n\n<figure class=\"wp-block-image size-large\"><img decoding=\"async\" loading=\"lazy\" width=\"708\" height=\"571\" src=\"https:\/\/isfdyt209-bue.infd.edu.ar\/sitio\/wp-content\/uploads\/2022\/10\/Screenshot_20221020-092316.jpg\" alt=\"\" class=\"wp-image-3626\"\/><\/figure>\n\n\n\n<figure class=\"wp-block-gallery has-nested-images columns-default is-cropped wp-block-gallery-1 is-layout-flex\">\n<figure class=\"wp-block-image size-large\"><img decoding=\"async\" loading=\"lazy\" width=\"720\" height=\"574\" data-id=\"3621\"  src=\"https:\/\/isfdyt209-bue.infd.edu.ar\/sitio\/wp-content\/uploads\/2022\/10\/Screenshot_20221019-202404-1.jpg\" alt=\"\" class=\"wp-image-3621\"\/><\/figure>\n\n\n\n<figure class=\"wp-block-image size-large\"><img decoding=\"async\" loading=\"lazy\" width=\"703\" height=\"712\" data-id=\"3629\"  src=\"https:\/\/isfdyt209-bue.infd.edu.ar\/sitio\/wp-content\/uploads\/2022\/10\/Screenshot_20221020-0923162.jpg\" alt=\"\" class=\"wp-image-3629\"\/><\/figure>\n<\/figure>\n\n\n\n<div class=\"wp-block-file\"><a href=\"https:\/\/isfdyt209-bue.infd.edu.ar\/sitio\/wp-content\/uploads\/2022\/03\/CALENDARIO-ESTUDIANTES-1-CEFE-2022.pdf\" class=\"wp-block-file__button wp-element-button\" download><br><\/a><\/div>\n\n\n\n<p><strong><span style=\"color:#1ea300\" class=\"has-inline-color\">HORARIO DE ED. F\u00cdSICA<\/span><\/strong><\/p>\n\n\n\n<div class=\"wp-block-file\"><a id=\"wp-block-file--media-a7bce4e2-02c9-42a6-9dff-a3bce79731b1\" href=\"https:\/\/isfdyt209-bue.infd.edu.ar\/sitio\/wp-content\/uploads\/2022\/03\/HORARIOS-CEFERINO-Ed.-FCA-2022.pdf\">HORARIOS-CEFERINO-Ed.-FCA-2022<\/a><a href=\"https:\/\/isfdyt209-bue.infd.edu.ar\/sitio\/wp-content\/uploads\/2022\/03\/HORARIOS-CEFERINO-Ed.-FCA-2022.pdf\" class=\"wp-block-file__button wp-element-button\" download aria-describedby=\"wp-block-file--media-a7bce4e2-02c9-42a6-9dff-a3bce79731b1\">Descarga<\/a><\/div>\n\n\n\n<p><strong><span class=\"has-inline-color has-luminous-vivid-amber-color\">HORARIO DE ED. PRIMARIA<\/span><\/strong><\/p>\n\n\n\n<div class=\"wp-block-file\"><a id=\"wp-block-file--media-df907b04-6f5f-487d-b439-13d7f60b98bc\" href=\"https:\/\/isfdyt209-bue.infd.edu.ar\/sitio\/wp-content\/uploads\/2022\/03\/HORARIOS-CEFERINO-Ed.-PRIM-2022.pdf\">HORARIOS-CEFERINO-Ed.-PRIM-2022<\/a><a href=\"https:\/\/isfdyt209-bue.infd.edu.ar\/sitio\/wp-content\/uploads\/2022\/03\/HORARIOS-CEFERINO-Ed.-PRIM-2022.pdf\" class=\"wp-block-file__button wp-element-button\" download aria-describedby=\"wp-block-file--media-df907b04-6f5f-487d-b439-13d7f60b98bc\">Descarga<\/a><\/div>\n\n\n\n<p><strong><span class=\"has-inline-color has-vivid-red-color\">HORARIO DE ED. INICIAL<\/span><\/strong><\/p>\n\n\n\n<div class=\"wp-block-file\"><a id=\"wp-block-file--media-029c5dfd-59dd-4061-9937-289288b84a81\" href=\"https:\/\/isfdyt209-bue.infd.edu.ar\/sitio\/wp-content\/uploads\/2022\/03\/HORARIOS-CEFERINO-Ed.-INI-2022.pdf\">HORARIOS-CEFERINO-Ed.-INI-2022<\/a><a href=\"https:\/\/isfdyt209-bue.infd.edu.ar\/sitio\/wp-content\/uploads\/2022\/03\/HORARIOS-CEFERINO-Ed.-INI-2022.pdf\" class=\"wp-block-file__button wp-element-button\" download aria-describedby=\"wp-block-file--media-029c5dfd-59dd-4061-9937-289288b84a81\">Descarga<\/a><\/div>\n\n\n\n<figure id=\"m_-2760330607810728204yui_3_16_0_ym19_1_1508623992492_16460\" class=\"wp-block-table\"><table><tbody><tr><td>&nbsp;<\/td><\/tr><tr><td>D\u00eda<\/td><td>Fecha<\/td><td>Hora<\/td><td>ctividad<\/td><td>&nbsp;<\/td><td>&nbsp;<\/td><\/tr><tr><td>&nbsp;<\/td><td>&nbsp;<\/td><td>&nbsp;<\/td><td>&nbsp;<\/td><td>&nbsp;<\/td><td>&nbsp;<\/td><\/tr><tr><td>&nbsp;<\/td><td>&nbsp;<\/td><td>&nbsp;<\/td><td>&nbsp;<\/td><td>&nbsp;<\/td><td>&nbsp;<\/td><\/tr><tr><td>&nbsp;<\/td><td>&nbsp;<\/td><td>&nbsp;<\/td><td>&nbsp;<\/td><td>&nbsp;<\/td><\/tr><tr><td>&nbsp;<\/td><td>&nbsp;<\/td><td>&nbsp;<\/td><td>&nbsp;<\/td><td>&nbsp;<\/td><\/tr><tr><td>&nbsp;<\/td><td>&nbsp;<\/td><td>&nbsp;<\/td><td>&nbsp;<\/td><td>&nbsp;<\/td><td>&nbsp;<\/td><\/tr><tr><td>&nbsp;<\/td><td>&nbsp;<\/td><td>&nbsp;<\/td><td>&nbsp;<\/td><td>&nbsp;<\/td><td>&nbsp;<\/td><\/tr><tr><td>&nbsp;<\/td><td>&nbsp;<\/td><td>&nbsp;<\/td><td>&nbsp;<\/td><td>&nbsp;<\/td><td>&nbsp;<\/td><\/tr><tr><td>&nbsp;<\/td><td>&nbsp;<\/td><td>&nbsp;<\/td><td>&nbsp;<\/td><td>&nbsp;<\/td><td>&nbsp;<\/td><\/tr><tr><td>&nbsp;<\/td><\/tr><tr><td>&nbsp;<\/td><td>&nbsp;<\/td><td>&nbsp;<\/td><td>&nbsp;<\/td><td>&nbsp;<\/td><\/tr><tr><td>&nbsp;<\/td><td>&nbsp;<\/td><td>&nbsp;<\/td><td>&nbsp;<\/td><\/tr><tr><td>&nbsp;<\/td><td>&nbsp;<\/td><td>&nbsp;<\/td><td>&nbsp;<\/td><\/tr><tr><td>&nbsp;<\/td><td>&nbsp;<\/td><td>&nbsp;<\/td><td>&nbsp;<\/td><td>&nbsp;<\/td><td>&nbsp;<\/td><\/tr><\/tbody><\/table><\/figure>\n\n\n\n<p><\/p>\n\n\n\n<div class=\"wp-block-file\"><a href=\"https:\/\/isfdyt209-bue.infd.edu.ar\/sitio\/wp-content\/uploads\/2022\/02\/CALENDARIO-PUBL-EST-1-CEFE-2022.pdf\" class=\"wp-block-file__button wp-element-button\" download><\/a><\/div>\n\n\n\n<p><\/p>\n","protected":false},"excerpt":{"rendered":"<p>Les compartimos el calendario de actividades organizados para los pr\u00f3ximos meses y el Horario de cada carrera. Abajo tienen el link para poder descargarlo. &nbsp; &nbsp; &nbsp; &nbsp;AGENDA ESTUDIANTIL de INICIO Ciclo Lectivo 2023 &nbsp; &nbsp; 14-feb a&nbsp; 17-feb INSCRIPCI\u00d3N A MESAS DE EX\u00c1MENES&nbsp; (Feb-Mzo 2023) &nbsp; &nbsp; 15-feb a&nbsp; 24-feb INSCRIPCI\u00d3N A PRIMER A\u00d1O &#8230; <a title=\"HORARIOS, CALENDARIO INSTITUCIONAL 2022\/2023\" class=\"read-more\" href=\"https:\/\/isfdyt209-bue.infd.edu.ar\/sitio\/calendario-institucional-2017-18\/\" aria-label=\"More on HORARIOS, CALENDARIO INSTITUCIONAL 2022\/2023\">[+]<\/a><\/p>\n","protected":false},"author":120,"featured_media":0,"parent":0,"menu_order":0,"comment_status":"closed","ping_status":"closed","template":"","meta":[],"acf":[],"_links":{"self":[{"href":"https:\/\/isfdyt209-bue.infd.edu.ar\/sitio\/wp-json\/wp\/v2\/pages\/799"}],"collection":[{"href":"https:\/\/isfdyt209-bue.infd.edu.ar\/sitio\/wp-json\/wp\/v2\/pages"}],"about":[{"href":"https:\/\/isfdyt209-bue.infd.edu.ar\/sitio\/wp-json\/wp\/v2\/types\/page"}],"author":[{"embeddable":true,"href":"https:\/\/isfdyt209-bue.infd.edu.ar\/sitio\/wp-json\/wp\/v2\/users\/120"}],"replies":[{"embeddable":true,"href":"https:\/\/isfdyt209-bue.infd.edu.ar\/sitio\/wp-json\/wp\/v2\/comments?post=799"}],"version-history":[{"count":26,"href":"https:\/\/isfdyt209-bue.infd.edu.ar\/sitio\/wp-json\/wp\/v2\/pages\/799\/revisions"}],"predecessor-version":[{"id":3849,"href":"https:\/\/isfdyt209-bue.infd.edu.ar\/sitio\/wp-json\/wp\/v2\/pages\/799\/revisions\/3849"}],"wp:attachment":[{"href":"https:\/\/isfdyt209-bue.infd.edu.ar\/sitio\/wp-json\/wp\/v2\/media?parent=799"}],"curies":[{"name":"wp","href":"https:\/\/api.w.org\/{rel}","templated":true}]}}