{"id":795,"date":"2018-08-29T19:12:41","date_gmt":"2018-08-29T22:12:41","guid":{"rendered":"https:\/\/isfdyt209-bue.infd.edu.ar\/sitio\/requisitos\/"},"modified":"2026-03-03T19:55:20","modified_gmt":"2026-03-03T22:55:20","slug":"requisitos","status":"publish","type":"page","link":"https:\/\/isfdyt209-bue.infd.edu.ar\/sitio\/requisitos\/","title":{"rendered":"Documentaci\u00f3n Inscripciones 1 A\u00f1o 2026"},"content":{"rendered":"\n<p><strong> <\/strong> A continuaci\u00f3n se detalla la documentaci\u00f3n requerida para matricularse en el Instituto la cual debe ser presentada <strong>para finalizar la inscripci\u00f3n<\/strong>. La preinscripci\u00f3n Digital y todas las consultas iniciaron en Noviembre y deben completar el <a href=\"https:\/\/docs.google.com\/forms\/d\/e\/1FAIpQLSde_HJB6rTV3RSIjSUzm_gn_gvEkMGiif74dWkp97wLEYvcmg\/viewform?usp=header\">Formulario de Preinscripci\u00f3n<\/a> antes de entregar los siguientes documentos. <\/p>\n\n\n\n<ul>\n<li><strong><a rel=\"noreferrer noopener\" href=\"https:\/\/isfdyt209-bue.infd.edu.ar\/sitio\/wp-content\/uploads\/2025\/10\/Formacion-Docente-inicial-Tecnica-y-Artistica-Planilla-de-inscripcion-Educacion-Superior_1.pdf\" target=\"_blank\">Planilla Solicitud de Inscripci\u00f3n 2026 (Descargar)<\/a> .<\/strong> <mark style=\"background-color:rgba(0, 0, 0, 0);color:#fb0000\" class=\"has-inline-color\">Obligatoria.<\/mark><\/li>\n\n\n\n<li><strong>DNI (Original y Fotocopia). <\/strong><mark style=\"background-color:rgba(0, 0, 0, 0);color:#f80000\" class=\"has-inline-color\">Obligatoria<\/mark><strong>.<\/strong><\/li>\n\n\n\n<li><strong>Partida de Nacimiento<\/strong> <strong>(Original y Fotocopia<\/strong>) <mark style=\"background-color:rgba(0, 0, 0, 0);color:#f90505\" class=\"has-inline-color\">Obligatoria. <\/mark><\/li>\n\n\n\n<li><strong>Titulo Secundario<\/strong> o <strong>Constancia de Titulo en tramite<\/strong> <strong>(Original y Fotocopia<\/strong>) <mark style=\"background-color:rgba(0, 0, 0, 0);color:#ec0505\" class=\"has-inline-color\">Obligatoria.<\/mark><\/li>\n<\/ul>\n\n\n\n<ul>\n<li><strong>3 Fotos 4&#215;4<\/strong>  (Fecha limite de entrega Mayo)<\/li>\n<\/ul>\n\n\n\n<ul>\n<li><strong>Certificado de Apto Psico-f\u00edsico<\/strong>. (Fecha limite de entrega Mayo)<\/li>\n<\/ul>\n\n\n\n<ul>\n<li><strong>Audiometr\u00eda Tonal<\/strong>. (Fecha limite de entrega Mayo)<\/li>\n<\/ul>\n\n\n\n<ul>\n<li><strong>Laringoscopia Indirecta<\/strong>. (Fecha limite de entrega Mayo)<\/li>\n<\/ul>\n\n\n\n<ul>\n<li><strong><a href=\"https:\/\/isfdyt209-bue.infd.edu.ar\/sitio\/wp-content\/uploads\/2025\/11\/FICHA_MEDICA_MODELO.pdf\">Ficha M\u00e9dica (Descargar)<\/a><\/strong> <strong>(S\u00f3lo Educaci\u00f3n F\u00edsica)<\/strong><\/li>\n<\/ul>\n\n\n\n<p> <strong>IMPORTANTE: <\/strong> La documentaci\u00f3n <mark style=\"background-color:rgba(0, 0, 0, 0);color:#ec0505\" class=\"has-inline-color\">Obligatoria<\/mark> deben ser <strong>presentada de forma personal <\/strong>para completar la inscripci\u00f3n, de no haber llegado a traerla deber\u00e1 estar atento a las vacantes disponibles para poder traer el legajo en el mes de febrero. <strong>Los alumnos que no tengan el titulo Anal\u00edtico del Secundario Completo solo podr\u00e1n acceder a la lista de espera aguardando una vacante <\/strong>.<\/p>\n\n\n\n<p>Ante cualquier duda <strong> pueden acercarse a Consultar en el Instituto de Lunes a Viernes de  18hs a 20Hs.<\/strong> o pueden comunicarse a los siguientes mails &#x1f4e7;:<\/p>\n\n\n\n<ul>\n<li><strong><mark style=\"background-color:#e800ff\" class=\"has-inline-color has-base-3-color\">E-mail de Educacion Inicial:<\/mark><\/strong> <a href=\"mailto:inscripcion.inicial.cefe@gmail.com\">inscripcion.inicial.cefe@gmail.com<\/a> <\/li>\n\n\n\n<li><strong><mark style=\"background-color:#fffc00\" class=\"has-inline-color has-contrast-color\">E-mail de Educaci\u00f3n Primaria:<\/mark><\/strong> <a href=\"mailto:inscripcion.primaria.cefe@gmail.com\">inscripcion.primaria.cefe@gmail.com<\/a> <\/li>\n\n\n\n<li><strong><mark style=\"background-color:#15eb00\" class=\"has-inline-color\">E-mail de Educaci\u00f3n F\u00edsica<\/mark><\/strong>: <a href=\"mailto:edfisica.inscripcion.cefe@gmail.com\">edfisica.inscripcion.cefe@gmail.com<\/a> <\/li>\n<\/ul>\n\n\n\n<p> <\/p>\n","protected":false},"excerpt":{"rendered":"<p>A continuaci\u00f3n se detalla la documentaci\u00f3n requerida para matricularse en el Instituto la cual debe ser presentada para finalizar la inscripci\u00f3n. La preinscripci\u00f3n Digital y todas las consultas iniciaron en Noviembre y deben completar el Formulario de Preinscripci\u00f3n antes de entregar los siguientes documentos. IMPORTANTE: La documentaci\u00f3n Obligatoria deben ser presentada de forma personal para &#8230; <a title=\"Documentaci\u00f3n Inscripciones 1 A\u00f1o 2026\" class=\"read-more\" href=\"https:\/\/isfdyt209-bue.infd.edu.ar\/sitio\/requisitos\/\" aria-label=\"More on Documentaci\u00f3n Inscripciones 1 A\u00f1o 2026\">[+]<\/a><\/p>\n","protected":false},"author":120,"featured_media":0,"parent":0,"menu_order":0,"comment_status":"closed","ping_status":"closed","template":"","meta":[],"acf":[],"_links":{"self":[{"href":"https:\/\/isfdyt209-bue.infd.edu.ar\/sitio\/wp-json\/wp\/v2\/pages\/795"}],"collection":[{"href":"https:\/\/isfdyt209-bue.infd.edu.ar\/sitio\/wp-json\/wp\/v2\/pages"}],"about":[{"href":"https:\/\/isfdyt209-bue.infd.edu.ar\/sitio\/wp-json\/wp\/v2\/types\/page"}],"author":[{"embeddable":true,"href":"https:\/\/isfdyt209-bue.infd.edu.ar\/sitio\/wp-json\/wp\/v2\/users\/120"}],"replies":[{"embeddable":true,"href":"https:\/\/isfdyt209-bue.infd.edu.ar\/sitio\/wp-json\/wp\/v2\/comments?post=795"}],"version-history":[{"count":88,"href":"https:\/\/isfdyt209-bue.infd.edu.ar\/sitio\/wp-json\/wp\/v2\/pages\/795\/revisions"}],"predecessor-version":[{"id":7946,"href":"https:\/\/isfdyt209-bue.infd.edu.ar\/sitio\/wp-json\/wp\/v2\/pages\/795\/revisions\/7946"}],"wp:attachment":[{"href":"https:\/\/isfdyt209-bue.infd.edu.ar\/sitio\/wp-json\/wp\/v2\/media?parent=795"}],"curies":[{"name":"wp","href":"https:\/\/api.w.org\/{rel}","templated":true}]}}