{"id":7915,"date":"2026-03-03T00:56:46","date_gmt":"2026-03-03T03:56:46","guid":{"rendered":"https:\/\/isfdyt209-bue.infd.edu.ar\/sitio\/?page_id=7915"},"modified":"2026-03-04T17:48:46","modified_gmt":"2026-03-04T20:48:46","slug":"inscripcion-materias","status":"publish","type":"page","link":"https:\/\/isfdyt209-bue.infd.edu.ar\/sitio\/inscripcion-materias\/","title":{"rendered":"&#x1f4c5;Inscripci\u00f3n Materias 2026 &#8211; Horarios Nuevos"},"content":{"rendered":"\n<p>A partir del <strong>Mi\u00e9rcoles 4 de Marzo a las 18:30 Hs<\/strong> inicia la inscripci\u00f3n a la cursada de materias.<strong> Esta inscripci\u00f3n de Cursadas es solo para quienes ya sean alumnos del instituto con materias aprobadas, no para nuevos Ingresantes de 1\u00b0 a\u00f1o que ya est\u00e1n inscriptos a todas las materias de 1\u00b0 al momento de La inscripci\u00f3n 2026.<\/strong>  Para inscribirse a las cursadas deber\u00e1n presentar el cup\u00f3n de Inscripci\u00f3n en preceptor\u00eda de <strong>18 a 21hs<\/strong> <strong>hasta el Lunes 9 de Marzo Inclusive<\/strong>.<\/p>\n\n\n\n<div class=\"wp-block-columns is-layout-flex wp-container-2\">\n<div class=\"wp-block-column is-layout-flow\" style=\"flex-basis:100%\">\n<h2 class=\"wp-block-heading has-text-align-center is-style-fill\" style=\"font-size:23px\"><br><strong>&#x2b07;&#xfe0f;&nbsp;<a href=\"https:\/\/isfdyt209-bue.infd.edu.ar\/sitio\/wp-content\/uploads\/2026\/03\/Cupon-Cursada-INI.pdf\"><mark style=\"background-color:rgba(0, 0, 0, 0);color:#ff00f3\" class=\"has-inline-color\">Cup\u00f3n Ed Inicial<\/mark>&nbsp;<\/a>&#x2b07;&#xfe0f;<\/strong><\/h2>\n<\/div>\n<\/div>\n\n\n\n<p class=\"has-text-align-center is-style-fill\" style=\"font-size:23px\"><a href=\"https:\/\/isfdyt209-bue.infd.edu.ar\/sitio\/wp-content\/uploads\/2026\/03\/Cupon-Cursada-PRI.pdf\">&#x2b07;&#xfe0f;<mark style=\"background-color:rgba(0, 0, 0, 0);color:#ffe100\" class=\"has-inline-color\"><strong> <\/strong><\/mark><strong><mark style=\"background-color:rgba(0, 0, 0, 0);color:#ffe41a\" class=\"has-inline-color\">Cup\u00f3n Ed Primaria<\/mark><\/strong><mark style=\"background-color:rgba(0, 0, 0, 0);color:#e5cb00\" class=\"has-inline-color\">&nbsp;<\/mark>&#x2b07;&#xfe0f;<\/a><\/p>\n\n\n\n<p class=\"has-text-align-center\" style=\"font-size:23px\"><a href=\"https:\/\/isfdyt209-bue.infd.edu.ar\/sitio\/wp-content\/uploads\/2026\/03\/Cupon-Cursada-EF.pdf\">&#x2b07;&#xfe0f;\u00a0<strong><mark style=\"background-color:rgba(0, 0, 0, 0);color:#71ff05\" class=\"has-inline-color\">Cup\u00f3n\u00a0Ed F\u00edsica\u00a0<\/mark><\/strong>&#x2b07;&#xfe0f;<\/a><\/p>\n\n\n\n<p><strong>&#x1f6a8;Importante: <\/strong><\/p>\n\n\n\n<ul>\n<li><strong>No se puede Inscribir en materias que tengan el mismo horario de cursada y tenga superposici\u00f3n horaria.<\/strong><\/li>\n\n\n\n<li><strong>Completar bien claro el DNI y en caso de querer ser anotado por otra persona adjuntar una nota que autorice a dicha persona.<\/strong><\/li>\n\n\n\n<li><strong>Talleres, Campos  y TFO no se pueden rendir Libre.<\/strong><\/li>\n\n\n\n<li><strong>Confirmar antes de Inscribirse si las materias del a\u00f1o anterior fueron aprobadas o Recursadas y las correlatividades de cada materia.<\/strong><\/li>\n<\/ul>\n","protected":false},"excerpt":{"rendered":"<p>A partir del Mi\u00e9rcoles 4 de Marzo a las 18:30 Hs inicia la inscripci\u00f3n a la cursada de materias. Esta inscripci\u00f3n de Cursadas es solo para quienes ya sean alumnos del instituto con materias aprobadas, no para nuevos Ingresantes de 1\u00b0 a\u00f1o que ya est\u00e1n inscriptos a todas las materias de 1\u00b0 al momento de &#8230; <a title=\"&#x1f4c5;Inscripci\u00f3n Materias 2026 &#8211; Horarios Nuevos\" class=\"read-more\" href=\"https:\/\/isfdyt209-bue.infd.edu.ar\/sitio\/inscripcion-materias\/\" aria-label=\"More on &#x1f4c5;Inscripci\u00f3n Materias 2026 &#8211; Horarios Nuevos\">[+]<\/a><\/p>\n","protected":false},"author":1533,"featured_media":0,"parent":0,"menu_order":0,"comment_status":"closed","ping_status":"closed","template":"","meta":[],"acf":[],"_links":{"self":[{"href":"https:\/\/isfdyt209-bue.infd.edu.ar\/sitio\/wp-json\/wp\/v2\/pages\/7915"}],"collection":[{"href":"https:\/\/isfdyt209-bue.infd.edu.ar\/sitio\/wp-json\/wp\/v2\/pages"}],"about":[{"href":"https:\/\/isfdyt209-bue.infd.edu.ar\/sitio\/wp-json\/wp\/v2\/types\/page"}],"author":[{"embeddable":true,"href":"https:\/\/isfdyt209-bue.infd.edu.ar\/sitio\/wp-json\/wp\/v2\/users\/1533"}],"replies":[{"embeddable":true,"href":"https:\/\/isfdyt209-bue.infd.edu.ar\/sitio\/wp-json\/wp\/v2\/comments?post=7915"}],"version-history":[{"count":28,"href":"https:\/\/isfdyt209-bue.infd.edu.ar\/sitio\/wp-json\/wp\/v2\/pages\/7915\/revisions"}],"predecessor-version":[{"id":7983,"href":"https:\/\/isfdyt209-bue.infd.edu.ar\/sitio\/wp-json\/wp\/v2\/pages\/7915\/revisions\/7983"}],"wp:attachment":[{"href":"https:\/\/isfdyt209-bue.infd.edu.ar\/sitio\/wp-json\/wp\/v2\/media?parent=7915"}],"curies":[{"name":"wp","href":"https:\/\/api.w.org\/{rel}","templated":true}]}}