{"id":776,"date":"2018-08-29T19:12:33","date_gmt":"2018-08-29T22:12:33","guid":{"rendered":"https:\/\/isfdyt209-bue.infd.edu.ar\/sitio\/autoridades-del-instituto\/"},"modified":"2025-07-14T19:58:20","modified_gmt":"2025-07-14T22:58:20","slug":"autoridades-del-instituto","status":"publish","type":"page","link":"https:\/\/isfdyt209-bue.infd.edu.ar\/sitio\/autoridades-del-instituto\/","title":{"rendered":"&#x1f465;Autoridades del Instituto"},"content":{"rendered":"<p style=\"text-align: center;\"><span style=\"color: #cc6600; font-family: arial, helvetica, sans-serif; font-size: 12pt;\">\u00a0<\/span><\/p>\n<div style=\"text-align: left;\"><span style=\"font-size: 12pt;\">Director:&#8230;&#8230;&#8230;&#8230;&#8230;&#8230;&#8230;&#8230;&#8230;&#8230;&#8230;&#8230;&#8230;&#8230;<strong>Mgter<\/strong><strong>. Ariel CANABAL<\/strong><\/span><\/div>\n<div><\/div>\n<div style=\"text-align: left;\"><span style=\"font-size: 12pt;\">Secretario:&#8230;&#8230;&#8230;&#8230;&#8230;&#8230;&#8230;&#8230;&#8230;&#8230;&#8230;&#8230;&#8230;\u00a0 <strong>Lic. Bernardo Bohn<\/strong><\/span><\/div>\n<div><\/div>\n<div>Regente:&#8230;&#8230;&#8230;&#8230;&#8230;&#8230;&#8230;&#8230;&#8230;&#8230;&#8230;&#8230;&#8230;&#8230; <strong>Isabel Tappari<\/strong><\/div>\n<p style=\"text-align: center;\">\n<div style=\"text-align: left;\"><strong><span style=\"font-size: 12pt;\"><span style=\"text-decoration: underline;\">Directores de Carrera<\/span>:<\/span><\/strong><\/div>\n<div><\/div>\n<div style=\"text-align: left;\"><span style=\"font-size: 12pt;\">Profesorado de Educaci\u00f3n INICIAL\u2026\u2026..<\/span><\/div>\n<div><\/div>\n<div style=\"text-align: left;\"><span style=\"font-size: 12pt;\">Profesorado de Educaci\u00f3n PRIMARIA\u2026.<\/span><\/div>\n<div><\/div>\n<div style=\"text-align: left;\"><span style=\"font-size: 12pt;\"><span style=\"font-size: 12pt;\">Profesorado de Educaci\u00f3n F\u00cdSICA\u2026\u2026\u2026.<\/span><\/span><\/p>\n<\/div>\n<div style=\"text-align: left;\"><span style=\"font-size: 12pt;\"><strong><span style=\"text-decoration: underline;\">Equipo de Preceptores y Administraci\u00f3n<\/span>:<\/strong><\/span><\/div>\n<div><\/div>\n<ul>\n<li><strong><span style=\"font-size: 12pt;\">Sabrina Almada <\/span><\/strong><\/li>\n<li><strong><span style=\"font-size: 12pt;\">Zulma Vigan\u00f3 <\/span><\/strong><\/li>\n<li><strong><span style=\"font-size: 12pt;\">Silvana Molina<\/span><\/strong><\/li>\n<li><strong><span style=\"font-size: 12pt;\">Daniela Ceballos <\/span><\/strong><\/li>\n<li><span style=\"font-size: 12pt;\"><span style=\"font-size: 16px;\"><b>M\u00f3nica<\/b><\/span><span style=\"font-size: 12pt;\"><b>\u00a0Ceballos<\/b><\/span><\/span><\/li>\n<li><strong><span style=\"font-size: 12pt;\">Leonor Galizzi<\/span><\/strong><\/li>\n<\/ul>\n","protected":false},"excerpt":{"rendered":"<p>\u00a0 Director:&#8230;&#8230;&#8230;&#8230;&#8230;&#8230;&#8230;&#8230;&#8230;&#8230;&#8230;&#8230;&#8230;&#8230;Mgter. Ariel CANABAL Secretario:&#8230;&#8230;&#8230;&#8230;&#8230;&#8230;&#8230;&#8230;&#8230;&#8230;&#8230;&#8230;&#8230;\u00a0 Lic. Bernardo Bohn Regente:&#8230;&#8230;&#8230;&#8230;&#8230;&#8230;&#8230;&#8230;&#8230;&#8230;&#8230;&#8230;&#8230;&#8230; Isabel Tappari Directores de Carrera: Profesorado de Educaci\u00f3n INICIAL\u2026\u2026.. Profesorado de Educaci\u00f3n PRIMARIA\u2026. Profesorado de Educaci\u00f3n F\u00cdSICA\u2026\u2026\u2026. Equipo de Preceptores y Administraci\u00f3n: Sabrina Almada Zulma Vigan\u00f3 Silvana Molina Daniela Ceballos M\u00f3nica\u00a0Ceballos Leonor Galizzi<\/p>\n","protected":false},"author":120,"featured_media":0,"parent":0,"menu_order":0,"comment_status":"closed","ping_status":"closed","template":"","meta":[],"acf":[],"_links":{"self":[{"href":"https:\/\/isfdyt209-bue.infd.edu.ar\/sitio\/wp-json\/wp\/v2\/pages\/776"}],"collection":[{"href":"https:\/\/isfdyt209-bue.infd.edu.ar\/sitio\/wp-json\/wp\/v2\/pages"}],"about":[{"href":"https:\/\/isfdyt209-bue.infd.edu.ar\/sitio\/wp-json\/wp\/v2\/types\/page"}],"author":[{"embeddable":true,"href":"https:\/\/isfdyt209-bue.infd.edu.ar\/sitio\/wp-json\/wp\/v2\/users\/120"}],"replies":[{"embeddable":true,"href":"https:\/\/isfdyt209-bue.infd.edu.ar\/sitio\/wp-json\/wp\/v2\/comments?post=776"}],"version-history":[{"count":17,"href":"https:\/\/isfdyt209-bue.infd.edu.ar\/sitio\/wp-json\/wp\/v2\/pages\/776\/revisions"}],"predecessor-version":[{"id":7397,"href":"https:\/\/isfdyt209-bue.infd.edu.ar\/sitio\/wp-json\/wp\/v2\/pages\/776\/revisions\/7397"}],"wp:attachment":[{"href":"https:\/\/isfdyt209-bue.infd.edu.ar\/sitio\/wp-json\/wp\/v2\/media?parent=776"}],"curies":[{"name":"wp","href":"https:\/\/api.w.org\/{rel}","templated":true}]}}