{"id":7669,"date":"2025-10-22T19:04:17","date_gmt":"2025-10-22T22:04:17","guid":{"rendered":"https:\/\/isfdyt209-bue.infd.edu.ar\/sitio\/?page_id=7669"},"modified":"2025-10-22T19:04:19","modified_gmt":"2025-10-22T22:04:19","slug":"asociacion-cooperadora","status":"publish","type":"page","link":"https:\/\/isfdyt209-bue.infd.edu.ar\/sitio\/asociacion-cooperadora\/","title":{"rendered":"Asociaci\u00f3n Cooperadora"},"content":{"rendered":"\n<p>El Gobierno de la Provincia de Buenos Aires promueve la participaci\u00f3n de los Estudiantes y de la comunidad educativa a trav\u00e9s de las cooperadoras escolares, con el fin de acompa\u00f1ar la trayectorias educativas y participar en el proyecto educativo institucional.<\/p>\n\n\n\n<p>El rol principal de la cooperadora es fomentar la participaci\u00f3n de la comunidad educativa dentro del establecimiento educativo, generando acciones que favorezcan las trayectorias escolares de las y los estudiantes y contribuyan a la mejora de la calidad educativa.<\/p>\n\n\n\n<p>Los estudiantes del\u00a0<strong>Instituto Superior de Formaci\u00f3n Docente y T\u00e9cnica  N\u00b0 209<\/strong>\u00a0conforman la\u00a0<strong>Asociaci\u00f3n Cooperadora <\/strong>\u00a0constituida para realizar diversas tareas y actividades en beneficio de esta instituci\u00f3n citada en\u00a0<strong>Av. Gorriti N.\u00b0 209<\/strong>, de la localidad de Hurlingham.<br><br><\/p>\n\n\n\n<p><strong>PRESIDENTE:<\/strong>\u00a0 Ramirez Yamila.<\/p>\n\n\n\n<p><strong>SECRETARIO:<\/strong>\u00a0\u00a0<em>Gim\u00e9nez, Eugenia.<\/em><\/p>\n\n\n\n<p><strong>TESORERO:\u00a0<\/strong>Pe\u00f1aloza, Enelsa.<\/p>\n\n\n\n<p><strong>VOCAL:\u00a0<\/strong><em>Iglesias, Eliana.<\/em><\/p>\n\n\n\n<p><strong>VOCAL:\u00a0\u00a0<\/strong>Lopez, Paloma.<\/p>\n\n\n\n<p><strong>VOCAL:\u00a0<\/strong>Hilbert, Azul.<\/p>\n\n\n\n<p><strong>VOCAL:\u00a0<\/strong>Corvalan, Brisa.<\/p>\n\n\n\n<p><strong>VOCAL<\/strong>: Barros, Tomas.<\/p>\n\n\n\n<p><span style=\"font-weight: 600; background-color: rgb(255, 255, 255);\">VOCAL<\/span>: Tarrelli, Valeria.<br><\/p>\n\n\n\n<p><strong>Revisor de Cuentas: Recagno Gabriela \/ Cresta Anal\u00eda \/ Ramirez Daniel.<\/strong><\/p>\n\n\n\n<p><strong>Asesor: Canabal, Ariel Roberto.<\/strong><\/p>\n\n\n\n<p><br><\/p>\n","protected":false},"excerpt":{"rendered":"<p>El Gobierno de la Provincia de Buenos Aires promueve la participaci\u00f3n de los Estudiantes y de la comunidad educativa a trav\u00e9s de las cooperadoras escolares, con el fin de acompa\u00f1ar la trayectorias educativas y participar en el proyecto educativo institucional. El rol principal de la cooperadora es fomentar la participaci\u00f3n de la comunidad educativa dentro &#8230; <a title=\"Asociaci\u00f3n Cooperadora\" class=\"read-more\" href=\"https:\/\/isfdyt209-bue.infd.edu.ar\/sitio\/asociacion-cooperadora\/\" aria-label=\"More on Asociaci\u00f3n Cooperadora\">[+]<\/a><\/p>\n","protected":false},"author":1533,"featured_media":0,"parent":0,"menu_order":0,"comment_status":"closed","ping_status":"closed","template":"","meta":[],"acf":[],"_links":{"self":[{"href":"https:\/\/isfdyt209-bue.infd.edu.ar\/sitio\/wp-json\/wp\/v2\/pages\/7669"}],"collection":[{"href":"https:\/\/isfdyt209-bue.infd.edu.ar\/sitio\/wp-json\/wp\/v2\/pages"}],"about":[{"href":"https:\/\/isfdyt209-bue.infd.edu.ar\/sitio\/wp-json\/wp\/v2\/types\/page"}],"author":[{"embeddable":true,"href":"https:\/\/isfdyt209-bue.infd.edu.ar\/sitio\/wp-json\/wp\/v2\/users\/1533"}],"replies":[{"embeddable":true,"href":"https:\/\/isfdyt209-bue.infd.edu.ar\/sitio\/wp-json\/wp\/v2\/comments?post=7669"}],"version-history":[{"count":1,"href":"https:\/\/isfdyt209-bue.infd.edu.ar\/sitio\/wp-json\/wp\/v2\/pages\/7669\/revisions"}],"predecessor-version":[{"id":7670,"href":"https:\/\/isfdyt209-bue.infd.edu.ar\/sitio\/wp-json\/wp\/v2\/pages\/7669\/revisions\/7670"}],"wp:attachment":[{"href":"https:\/\/isfdyt209-bue.infd.edu.ar\/sitio\/wp-json\/wp\/v2\/media?parent=7669"}],"curies":[{"name":"wp","href":"https:\/\/api.w.org\/{rel}","templated":true}]}}