{"id":7608,"date":"2025-10-01T21:45:39","date_gmt":"2025-10-02T00:45:39","guid":{"rendered":"https:\/\/isfdyt209-bue.infd.edu.ar\/sitio\/?page_id=7608"},"modified":"2026-02-19T16:31:42","modified_gmt":"2026-02-19T19:31:42","slug":"mesas-de-examen-2","status":"publish","type":"page","link":"https:\/\/isfdyt209-bue.infd.edu.ar\/sitio\/mesas-de-examen-2\/","title":{"rendered":"&#x1f5d3;&#xfe0f; Finales Febrero Marzo 2026"},"content":{"rendered":"\n<p class=\"has-base-background-color has-background\">       La&nbsp;inscripci\u00f3n&nbsp;a los Finales ser\u00e1n los d\u00edas&nbsp;<strong><strong>11, 12 y 13 de Febrero de 19 a 21hs<\/strong><\/strong>, deber\u00e1n completar el&nbsp;<a href=\"https:\/\/isfdyt209-bue.infd.edu.ar\/sitio\/cupones-inscripcion-finales-2024\/\"><strong>cup\u00f3n de inscripci\u00f3n<\/strong><\/a>&nbsp;y entregarlo en Preceptor\u00eda&nbsp;<strong>(<strong>si rinde alguna materia \u00abLibre\u00bb Indicar<\/strong>lo en el cup\u00f3n con la Letra \u00abL\u00bb )<\/strong>. Se recomienda tener cooperadora al d\u00eda y controlar las&nbsp;<a href=\"https:\/\/isfdyt209-bue.infd.edu.ar\/sitio\/nuevo-regimen-de-correlativas-%e2%9a%a0%ef%b8%8fimportante-%e2%9a%a0%ef%b8%8f\/\"><strong>correlatividades<\/strong>&nbsp;<\/a>antes de anotarse para evitar inconvenientes el d\u00eda del examen.&nbsp;<strong>Las Mesas Comienzan el 23 de Febrero.<\/strong><\/p>\n\n\n\n<p><strong>-Otras observaciones:<\/strong><\/p>\n\n\n\n<p>&#x2705; Materias <strong>Promoci\u00f3n Directa<\/strong> firmaron libreta el ultimo d\u00eda de clases (no se anotan a final salvo que se haya cursado antes del 2024.)<\/p>\n\n\n\n<p>&#x1f464; La inscripci\u00f3n es presencial, en caso de enviar a otra persona adjuntar una autorizaci\u00f3n firmada por el estudiante interesado<strong>.<\/strong><\/p>\n\n\n\n<p>&#x231a; Se tolera hasta 15 minutos de llegada tarde a la Mesa (dar aviso previo para causas excepcionales).<\/p>\n\n\n\n<p>&#x1f3ca;Las fechas de Nataci\u00f3n quedan sujetas a disponibilidad del Natatorio Municipal.<\/p>\n\n\n\n<p>&#x274c;&nbsp;<strong>ALUMNOS QUE NO TENGAN EL ANALITICO DEL SECUNDARIO NO PUEDEN RENDIR FINALES.<\/strong><\/p>\n\n\n\n<hr class=\"wp-block-separator has-alpha-channel-opacity\"\/>\n\n\n\n<h2 class=\"wp-block-heading has-text-align-center\">Fechas&nbsp;<strong>Educaci\u00f3n F\u00edsica:<\/strong><\/h2>\n\n\n\n<figure class=\"wp-block-image size-large\"><img decoding=\"async\" loading=\"lazy\" width=\"1554\" height=\"1900\" src=\"https:\/\/isfdyt209-bue.infd.edu.ar\/sitio\/wp-content\/uploads\/2026\/01\/image-1554x1900.png\" alt=\"\" class=\"wp-image-7837\" srcset=\"https:\/\/isfdyt209-bue.infd.edu.ar\/sitio\/wp-content\/uploads\/2026\/01\/image-1554x1900.png 1554w, https:\/\/isfdyt209-bue.infd.edu.ar\/sitio\/wp-content\/uploads\/2026\/01\/image-818x1000.png 818w, https:\/\/isfdyt209-bue.infd.edu.ar\/sitio\/wp-content\/uploads\/2026\/01\/image-768x939.png 768w, https:\/\/isfdyt209-bue.infd.edu.ar\/sitio\/wp-content\/uploads\/2026\/01\/image-1256x1536.png 1256w, https:\/\/isfdyt209-bue.infd.edu.ar\/sitio\/wp-content\/uploads\/2026\/01\/image-1675x2048.png 1675w, https:\/\/isfdyt209-bue.infd.edu.ar\/sitio\/wp-content\/uploads\/2026\/01\/image.png 2040w\" sizes=\"(max-width: 1554px) 100vw, 1554px\" \/><\/figure>\n\n\n\n<div class=\"wp-block-buttons alignwide is-horizontal is-content-justification-center is-layout-flex wp-container-1\">\n<div class=\"wp-block-button is-style-fill\"><a class=\"wp-block-button__link has-text-align-center wp-element-button\" href=\"https:\/\/isfdyt209-bue.infd.edu.ar\/sitio\/wp-content\/uploads\/2026\/02\/Cupon-EF.pdf\" target=\"_blank\" rel=\"noreferrer noopener\"><mark style=\"background-color:rgba(0, 0, 0, 0);color:#00fb03\" class=\"has-inline-color\"><strong>Descargar Cup\u00f3n<\/strong><\/mark><\/a><\/div>\n\n\n\n<div class=\"wp-block-button is-style-fill\"><a class=\"wp-block-button__link has-text-align-center wp-element-button\" href=\"https:\/\/isfdyt209-bue.infd.edu.ar\/sitio\/wp-content\/uploads\/2026\/01\/image.png\"><mark style=\"background-color:rgba(0, 0, 0, 0);color:#06ff00\" class=\"has-inline-color\"><strong>Descargar Fechas<\/strong><\/mark><\/a><\/div>\n<\/div>\n\n\n\n<p><\/p>\n\n\n\n<hr class=\"wp-block-separator has-alpha-channel-opacity\"\/>\n\n\n\n<h2 class=\"wp-block-heading has-text-align-center\">Fechas\u00a0<strong>Educaci\u00f3n<\/strong>\u00a0Primaria:<\/h2>\n\n\n\n<figure class=\"wp-block-image size-large\"><img decoding=\"async\" loading=\"lazy\" width=\"1900\" height=\"1784\" src=\"https:\/\/isfdyt209-bue.infd.edu.ar\/sitio\/wp-content\/uploads\/2026\/02\/image-1-1900x1784.png\" alt=\"\" class=\"wp-image-7890\" srcset=\"https:\/\/isfdyt209-bue.infd.edu.ar\/sitio\/wp-content\/uploads\/2026\/02\/image-1-1900x1784.png 1900w, https:\/\/isfdyt209-bue.infd.edu.ar\/sitio\/wp-content\/uploads\/2026\/02\/image-1-1000x939.png 1000w, https:\/\/isfdyt209-bue.infd.edu.ar\/sitio\/wp-content\/uploads\/2026\/02\/image-1-768x721.png 768w, https:\/\/isfdyt209-bue.infd.edu.ar\/sitio\/wp-content\/uploads\/2026\/02\/image-1-1536x1442.png 1536w, https:\/\/isfdyt209-bue.infd.edu.ar\/sitio\/wp-content\/uploads\/2026\/02\/image-1.png 2040w\" sizes=\"(max-width: 1900px) 100vw, 1900px\" \/><\/figure>\n\n\n\n<div class=\"wp-block-buttons alignwide is-horizontal is-content-justification-center is-layout-flex wp-container-2\">\n<div class=\"wp-block-button is-style-fill\"><a class=\"wp-block-button__link has-text-align-center wp-element-button\" href=\"https:\/\/isfdyt209-bue.infd.edu.ar\/sitio\/wp-content\/uploads\/2026\/02\/Cupon-EP-2.pdf\" target=\"_blank\" rel=\"noreferrer noopener\"><mark style=\"background-color:rgba(0, 0, 0, 0);color:#faf700\" class=\"has-inline-color\"><strong>Descargar Cup\u00f3n<\/strong><\/mark><\/a><\/div>\n\n\n\n<div class=\"wp-block-button is-style-fill\"><a class=\"wp-block-button__link has-text-align-center wp-element-button\" href=\"https:\/\/isfdyt209-bue.infd.edu.ar\/sitio\/wp-content\/uploads\/2026\/02\/image-1.png\"><mark style=\"background-color:rgba(0, 0, 0, 0);color:#faf700\" class=\"has-inline-color\"><strong>Descargar Fechas<\/strong><\/mark><\/a><\/div>\n<\/div>\n\n\n\n<hr class=\"wp-block-separator has-alpha-channel-opacity\"\/>\n\n\n\n<h2 class=\"wp-block-heading has-text-align-center\">Fechas&nbsp;<strong>Educaci\u00f3n<\/strong>&nbsp;Inicial:<\/h2>\n\n\n\n<figure class=\"wp-block-image size-large\"><img decoding=\"async\" loading=\"lazy\" width=\"1900\" height=\"1848\" src=\"https:\/\/isfdyt209-bue.infd.edu.ar\/sitio\/wp-content\/uploads\/2026\/01\/image-2-1900x1848.png\" alt=\"\" class=\"wp-image-7839\" srcset=\"https:\/\/isfdyt209-bue.infd.edu.ar\/sitio\/wp-content\/uploads\/2026\/01\/image-2-1900x1848.png 1900w, https:\/\/isfdyt209-bue.infd.edu.ar\/sitio\/wp-content\/uploads\/2026\/01\/image-2-1000x973.png 1000w, https:\/\/isfdyt209-bue.infd.edu.ar\/sitio\/wp-content\/uploads\/2026\/01\/image-2-768x747.png 768w, https:\/\/isfdyt209-bue.infd.edu.ar\/sitio\/wp-content\/uploads\/2026\/01\/image-2-1536x1494.png 1536w, https:\/\/isfdyt209-bue.infd.edu.ar\/sitio\/wp-content\/uploads\/2026\/01\/image-2.png 2040w\" sizes=\"(max-width: 1900px) 100vw, 1900px\" \/><\/figure>\n\n\n\n<p><\/p>\n\n\n\n<div class=\"wp-block-buttons alignwide is-horizontal is-content-justification-center is-layout-flex wp-container-3\">\n<div class=\"wp-block-button is-style-fill\"><a class=\"wp-block-button__link has-text-align-center wp-element-button\" href=\"https:\/\/isfdyt209-bue.infd.edu.ar\/sitio\/wp-content\/uploads\/2026\/02\/Cupon-EI.pdf\"><mark style=\"background-color:rgba(0, 0, 0, 0);color:#ff73fd\" class=\"has-inline-color\"><strong>Descargar Cup\u00f3n<\/strong><\/mark><\/a><\/div>\n\n\n\n<div class=\"wp-block-button is-style-fill\"><a class=\"wp-block-button__link has-text-align-center wp-element-button\" href=\"https:\/\/isfdyt209-bue.infd.edu.ar\/sitio\/wp-content\/uploads\/2026\/01\/image-2.png\"><mark style=\"background-color:rgba(0, 0, 0, 0);color:#ff73fd\" class=\"has-inline-color\"><strong>Descargar Fechas<\/strong><\/mark><\/a><\/div>\n<\/div>\n","protected":false},"excerpt":{"rendered":"<p>La&nbsp;inscripci\u00f3n&nbsp;a los Finales ser\u00e1n los d\u00edas&nbsp;11, 12 y 13 de Febrero de 19 a 21hs, deber\u00e1n completar el&nbsp;cup\u00f3n de inscripci\u00f3n&nbsp;y entregarlo en Preceptor\u00eda&nbsp;(si rinde alguna materia \u00abLibre\u00bb Indicarlo en el cup\u00f3n con la Letra \u00abL\u00bb ). Se recomienda tener cooperadora al d\u00eda y controlar las&nbsp;correlatividades&nbsp;antes de anotarse para evitar inconvenientes el d\u00eda del examen.&nbsp;Las Mesas &#8230; <a title=\"&#x1f5d3;&#xfe0f; Finales Febrero Marzo 2026\" class=\"read-more\" href=\"https:\/\/isfdyt209-bue.infd.edu.ar\/sitio\/mesas-de-examen-2\/\" aria-label=\"More on &#x1f5d3;&#xfe0f; Finales Febrero Marzo 2026\">[+]<\/a><\/p>\n","protected":false},"author":1533,"featured_media":0,"parent":0,"menu_order":0,"comment_status":"closed","ping_status":"closed","template":"","meta":[],"acf":[],"_links":{"self":[{"href":"https:\/\/isfdyt209-bue.infd.edu.ar\/sitio\/wp-json\/wp\/v2\/pages\/7608"}],"collection":[{"href":"https:\/\/isfdyt209-bue.infd.edu.ar\/sitio\/wp-json\/wp\/v2\/pages"}],"about":[{"href":"https:\/\/isfdyt209-bue.infd.edu.ar\/sitio\/wp-json\/wp\/v2\/types\/page"}],"author":[{"embeddable":true,"href":"https:\/\/isfdyt209-bue.infd.edu.ar\/sitio\/wp-json\/wp\/v2\/users\/1533"}],"replies":[{"embeddable":true,"href":"https:\/\/isfdyt209-bue.infd.edu.ar\/sitio\/wp-json\/wp\/v2\/comments?post=7608"}],"version-history":[{"count":30,"href":"https:\/\/isfdyt209-bue.infd.edu.ar\/sitio\/wp-json\/wp\/v2\/pages\/7608\/revisions"}],"predecessor-version":[{"id":7893,"href":"https:\/\/isfdyt209-bue.infd.edu.ar\/sitio\/wp-json\/wp\/v2\/pages\/7608\/revisions\/7893"}],"wp:attachment":[{"href":"https:\/\/isfdyt209-bue.infd.edu.ar\/sitio\/wp-json\/wp\/v2\/media?parent=7608"}],"curies":[{"name":"wp","href":"https:\/\/api.w.org\/{rel}","templated":true}]}}