{"id":758,"date":"2018-08-29T19:12:27","date_gmt":"2018-08-29T22:12:27","guid":{"rendered":"https:\/\/isfdyt209-bue.infd.edu.ar\/sitio\/b-i-e-n-v-e-n-i-d-o-s\/"},"modified":"2023-08-18T22:02:16","modified_gmt":"2023-08-19T01:02:16","slug":"b-i-e-n-v-e-n-i-d-o-s","status":"publish","type":"page","link":"https:\/\/isfdyt209-bue.infd.edu.ar\/sitio\/b-i-e-n-v-e-n-i-d-o-s\/","title":{"rendered":"B I E N V E N I D O S"},"content":{"rendered":"\n<p><strong>PARTE de NUESTRO STAFF<\/strong><\/p>\n\n\n\n<p>\u00abEstamos para acompa\u00f1arte en el inicio de tu camino docente<\/p>\n\n\n\n<figure class=\"wp-block-image size-full\"><img decoding=\"async\" loading=\"lazy\" width=\"589\" height=\"409\" src=\"https:\/\/isfdyt209-bue.infd.edu.ar\/sitio\/wp-content\/uploads\/2023\/08\/STAFF.png\" alt=\"\" class=\"wp-image-4518\"\/><\/figure>\n\n\n\n<h2 class=\"wp-block-heading\">Inscripciones a Primer A\u00f1o<\/h2>\n\n\n<p><strong>\u00a0 \u00a0 \u00a0 \u00a0 \u00a0 \u00a0 \u00a0 \u00a0 \u00a0 \u00a0 \u00a0 \u00a0 \u00a0 \u00a0 \u00a0 \u00a0 \u00a0 \u00a0 \u00a0 \u00a0 \u00a0 \u00a0 \u00a0 \u00a0\u00a0<\/strong><br \/>Hola, Bienvenido al \u201cCEFE\u201d<br \/>Te contamos que NUESTRO INSTITUTO SUPERIOR junto a otras 11 escuelas conformamos un POLO EDUCATIVO, donde<br \/>trabajamos en conjunto para brindar a nuestra comunidad de Hurlingham y los alrededores, un servicio educativo<br \/>integral, con una mirada especial hacia los sectores socialmente m\u00e1s vulnerables.<br \/>Si quer\u00e9s m\u00e1s informaci\u00f3n, consultar fechas, planes de estudios con sus materias, requisitos y novedades del instituto,<br \/>podes recorrer este\u00a0 sitio web donde hay un sector en el que pod\u00e9s dejar tus consultas.<\/p>\n<p><b>Las carreras son asistenciales , la inscripci\u00f3n es personal y presencial.<\/b><\/p>\n<p style=\"text-align: left;\"><span style=\"color: #0000ff;\"><strong>-Carreras:<\/strong><\/span><br \/><strong><span style=\"color: #ff00ff;\">PROFESORADO de EDUCACI\u00d3N INICIAL<\/span><\/strong> (4 a\u00f1os)<br \/><span style=\"color: #ffcc00;\"><strong>PROFESORADO de EDUCACI\u00d3N PRIMARIA<\/strong><\/span> (4 a\u00f1os)<br \/><span style=\"color: #00ff00;\"><strong>PROFESORADO de EDUCACI\u00d3N F\u00cdSICA<\/strong><\/span> (4 a\u00f1os)<br \/><strong><span style=\"color: #000000;\">HORARIOS DE ATENCI\u00d3N:<\/span><\/strong><br \/><strong><span style=\"color: #000000;\">Lunes a Viernes de 18 a 21hs.<\/span><\/strong><\/p>\n<p style=\"text-align: center;\"><strong>INDICACIONES :<\/strong><\/p>\n<ul>\n<li><span style=\"color: #0000ff;\">La PRE- Inscripci\u00f3n SE FORMALIZA<\/span><\/li>\n<li>Con la presentaci\u00f3n de TODA LA DOCUMENTACI\u00d3N<br \/>M\u00cdNIMA EXIGIDA COMPLETA<\/li>\n<li>\u00a0<span style=\"color: #0000ff;\">La INSCRIPCI\u00d3N DEFINITIVA SE FORMALIZA<\/span><\/li>\n<li>Con la presentaci\u00f3n de TODA LA DOCUMENTACI\u00d3N<br \/>COMPLETA (Estudios fonoaudiol\u00f3gicos y ficha m\u00e9dica)<\/li>\n<li><strong>DIRECCI\u00d3N : Av. Juana GORRITI 3800 Hurlingham<\/strong><\/li>\n<\/ul>\n<p style=\"text-align: center;\"><strong>\u00a0<\/strong><\/p>\n\n\n<h2 class=\"wp-block-heading\"><\/h2>\n\n\n\n<h2 class=\"wp-block-heading\"><\/h2>\n","protected":false},"excerpt":{"rendered":"<p>PARTE de NUESTRO STAFF \u00abEstamos para acompa\u00f1arte en el inicio de tu camino docente Inscripciones a Primer A\u00f1o \u00a0 \u00a0 \u00a0 \u00a0 \u00a0 \u00a0 \u00a0 \u00a0 \u00a0 \u00a0 \u00a0 \u00a0 \u00a0 \u00a0 \u00a0 \u00a0 \u00a0 \u00a0 \u00a0 \u00a0 \u00a0 \u00a0 \u00a0 \u00a0\u00a0Hola, Bienvenido al \u201cCEFE\u201dTe contamos que NUESTRO INSTITUTO SUPERIOR junto a otras 11 escuelas &#8230; <a title=\"B I E N V E N I D O S\" class=\"read-more\" href=\"https:\/\/isfdyt209-bue.infd.edu.ar\/sitio\/b-i-e-n-v-e-n-i-d-o-s\/\" aria-label=\"More on B I E N V E N I D O S\">[+]<\/a><\/p>\n","protected":false},"author":120,"featured_media":0,"parent":0,"menu_order":0,"comment_status":"closed","ping_status":"closed","template":"","meta":[],"acf":[],"_links":{"self":[{"href":"https:\/\/isfdyt209-bue.infd.edu.ar\/sitio\/wp-json\/wp\/v2\/pages\/758"}],"collection":[{"href":"https:\/\/isfdyt209-bue.infd.edu.ar\/sitio\/wp-json\/wp\/v2\/pages"}],"about":[{"href":"https:\/\/isfdyt209-bue.infd.edu.ar\/sitio\/wp-json\/wp\/v2\/types\/page"}],"author":[{"embeddable":true,"href":"https:\/\/isfdyt209-bue.infd.edu.ar\/sitio\/wp-json\/wp\/v2\/users\/120"}],"replies":[{"embeddable":true,"href":"https:\/\/isfdyt209-bue.infd.edu.ar\/sitio\/wp-json\/wp\/v2\/comments?post=758"}],"version-history":[{"count":9,"href":"https:\/\/isfdyt209-bue.infd.edu.ar\/sitio\/wp-json\/wp\/v2\/pages\/758\/revisions"}],"predecessor-version":[{"id":4520,"href":"https:\/\/isfdyt209-bue.infd.edu.ar\/sitio\/wp-json\/wp\/v2\/pages\/758\/revisions\/4520"}],"wp:attachment":[{"href":"https:\/\/isfdyt209-bue.infd.edu.ar\/sitio\/wp-json\/wp\/v2\/media?parent=758"}],"curies":[{"name":"wp","href":"https:\/\/api.w.org\/{rel}","templated":true}]}}