{"id":7475,"date":"2025-08-25T21:18:22","date_gmt":"2025-08-26T00:18:22","guid":{"rendered":"https:\/\/isfdyt209-bue.infd.edu.ar\/sitio\/?page_id=7475"},"modified":"2025-08-25T21:18:25","modified_gmt":"2025-08-26T00:18:25","slug":"estudiante-itinerante","status":"publish","type":"page","link":"https:\/\/isfdyt209-bue.infd.edu.ar\/sitio\/estudiante-itinerante\/","title":{"rendered":"Estudiante Itinerante"},"content":{"rendered":"\n<p>Consideraciones generales:<\/p>\n\n\n\n<ul>\n<li>La o el estudiante itinerante es quien cursa como estudiante regular en un ISFD dependiente de la Provincia de Bs. As.&nbsp; y al mismo tiempo, cursa una o m\u00e1s unidades curriculares en otro ISFD de la misma jurisdicci\u00f3n en la que no se encuentra matriculada o matriculado.<\/li>\n\n\n\n<li>Una o un estudiante podr\u00e1 optar por cursar como itinerante, hasta el 30% de las unidades curriculares (UC) de la carrera. Queda exceptuado el Campo de la Pr\u00e1ctica Docente y Pr\u00e1cticas Profesionalizantes.&nbsp;<\/li>\n\n\n\n<li>Ser\u00e1 condici\u00f3n que la UC en la que solicita cursar corresponda al mismo plan de estudio o bien sea una UC con igual denominaci\u00f3n, carga horaria y contenidos m\u00ednimos prescriptos que en el dise\u00f1o de la carrera en la que se encuentra matriculada o matriculado la o el estudiante.<\/li>\n<\/ul>\n\n\n\n<p>Por otra parte, queremos acercarle informaci\u00f3n respecto de la documentaci\u00f3n que necesitar\u00e1n para cursar como ESTUDIANTE ITINERANTE.<\/p>\n\n\n\n<ul>\n<li>Si est\u00e1s matriculado\/a en el ISFDyT N\u00ba 209 y quer\u00e9s o necesit\u00e1s cursar como itinerante en otro Instituto, tendr\u00e1s que llevar a dicho Instituto el Porcentaje de Materias y fotocopia del DNI. Dejas all\u00ed el Formulario A. Haces firmar y sellar el Formulario B y este \u00faltimo lo traes a nuestro Instituto.<\/li>\n\n\n\n<li>Si est\u00e1s matriculado en otro Instituto y quer\u00e9s cursar como itinerante en nuestro Instituto, tendr\u00e1s que traer el Certificado Anal\u00edtico Parcial y fotocopia del DNI. Dejas el Formulario A en el Isfdyt N\u00ba 209 , y llevas el Formulario B firmado y sellado para entregarlo en el Instituto donde est\u00e1s matriculado\/a<\/li>\n<\/ul>\n\n\n\n<p>En la Preceptor\u00eda del Instituto estar\u00e1 a disposici\u00f3n el Formulario A y el Formulario B, en el horario de 18 a 21 hs.<\/p>\n","protected":false},"excerpt":{"rendered":"<p>Consideraciones generales: Por otra parte, queremos acercarle informaci\u00f3n respecto de la documentaci\u00f3n que necesitar\u00e1n para cursar como ESTUDIANTE ITINERANTE. En la Preceptor\u00eda del Instituto estar\u00e1 a disposici\u00f3n el Formulario A y el Formulario B, en el horario de 18 a 21 hs.<\/p>\n","protected":false},"author":1533,"featured_media":0,"parent":0,"menu_order":0,"comment_status":"closed","ping_status":"closed","template":"","meta":[],"acf":[],"_links":{"self":[{"href":"https:\/\/isfdyt209-bue.infd.edu.ar\/sitio\/wp-json\/wp\/v2\/pages\/7475"}],"collection":[{"href":"https:\/\/isfdyt209-bue.infd.edu.ar\/sitio\/wp-json\/wp\/v2\/pages"}],"about":[{"href":"https:\/\/isfdyt209-bue.infd.edu.ar\/sitio\/wp-json\/wp\/v2\/types\/page"}],"author":[{"embeddable":true,"href":"https:\/\/isfdyt209-bue.infd.edu.ar\/sitio\/wp-json\/wp\/v2\/users\/1533"}],"replies":[{"embeddable":true,"href":"https:\/\/isfdyt209-bue.infd.edu.ar\/sitio\/wp-json\/wp\/v2\/comments?post=7475"}],"version-history":[{"count":1,"href":"https:\/\/isfdyt209-bue.infd.edu.ar\/sitio\/wp-json\/wp\/v2\/pages\/7475\/revisions"}],"predecessor-version":[{"id":7476,"href":"https:\/\/isfdyt209-bue.infd.edu.ar\/sitio\/wp-json\/wp\/v2\/pages\/7475\/revisions\/7476"}],"wp:attachment":[{"href":"https:\/\/isfdyt209-bue.infd.edu.ar\/sitio\/wp-json\/wp\/v2\/media?parent=7475"}],"curies":[{"name":"wp","href":"https:\/\/api.w.org\/{rel}","templated":true}]}}