{"id":7410,"date":"2025-08-06T20:00:35","date_gmt":"2025-08-06T23:00:35","guid":{"rendered":"https:\/\/isfdyt209-bue.infd.edu.ar\/sitio\/?page_id=7410"},"modified":"2026-04-21T20:07:43","modified_gmt":"2026-04-21T23:07:43","slug":"%e2%9c%85materias-promocionables-por-carrera","status":"publish","type":"page","link":"https:\/\/isfdyt209-bue.infd.edu.ar\/sitio\/%e2%9c%85materias-promocionables-por-carrera\/","title":{"rendered":"&#x2705;Materias Promocionables por Carrera"},"content":{"rendered":"\n<p>A continuaci\u00f3n se detalla por carrera cuales materias tienen <strong>Promoci\u00f3n Directa<\/strong>, cuales requieren <strong>Final Obligatorio<\/strong> y cuales materias dependiendo la calificaci\u00f3n de la cursada tienen la posibilidad de ser promocionables o deben rendir un final para acreditarla.<br>Tambi\u00e9n se Indica aquellas Materias que se pueden rendir <strong>LIBRE<\/strong> en cualquiera de las Instancias de Examen Final.<br><\/p>\n\n\n\n<figure class=\"wp-block-image size-large is-resized\"><img decoding=\"async\" loading=\"lazy\" src=\"https:\/\/isfdyt209-bue.infd.edu.ar\/sitio\/wp-content\/uploads\/2026\/04\/image-8-1207x1900.png\" alt=\"\" class=\"wp-image-8096\" width=\"1020\" height=\"1605\" srcset=\"https:\/\/isfdyt209-bue.infd.edu.ar\/sitio\/wp-content\/uploads\/2026\/04\/image-8-1207x1900.png 1207w, https:\/\/isfdyt209-bue.infd.edu.ar\/sitio\/wp-content\/uploads\/2026\/04\/image-8-635x1000.png 635w, https:\/\/isfdyt209-bue.infd.edu.ar\/sitio\/wp-content\/uploads\/2026\/04\/image-8-768x1209.png 768w, https:\/\/isfdyt209-bue.infd.edu.ar\/sitio\/wp-content\/uploads\/2026\/04\/image-8-976x1536.png 976w, https:\/\/isfdyt209-bue.infd.edu.ar\/sitio\/wp-content\/uploads\/2026\/04\/image-8-1301x2048.png 1301w, https:\/\/isfdyt209-bue.infd.edu.ar\/sitio\/wp-content\/uploads\/2026\/04\/image-8.png 1469w\" sizes=\"(max-width: 1020px) 100vw, 1020px\" \/><\/figure>\n\n\n\n<p><\/p>\n\n\n\n<p><\/p>\n\n\n\n<figure class=\"wp-block-image size-large\"><img decoding=\"async\" loading=\"lazy\" width=\"1258\" height=\"1900\" src=\"https:\/\/isfdyt209-bue.infd.edu.ar\/sitio\/wp-content\/uploads\/2026\/04\/image-7-1258x1900.png\" alt=\"\" class=\"wp-image-8092\" srcset=\"https:\/\/isfdyt209-bue.infd.edu.ar\/sitio\/wp-content\/uploads\/2026\/04\/image-7-1258x1900.png 1258w, https:\/\/isfdyt209-bue.infd.edu.ar\/sitio\/wp-content\/uploads\/2026\/04\/image-7-662x1000.png 662w, https:\/\/isfdyt209-bue.infd.edu.ar\/sitio\/wp-content\/uploads\/2026\/04\/image-7-768x1160.png 768w, https:\/\/isfdyt209-bue.infd.edu.ar\/sitio\/wp-content\/uploads\/2026\/04\/image-7-1017x1536.png 1017w, https:\/\/isfdyt209-bue.infd.edu.ar\/sitio\/wp-content\/uploads\/2026\/04\/image-7-1356x2048.png 1356w, https:\/\/isfdyt209-bue.infd.edu.ar\/sitio\/wp-content\/uploads\/2026\/04\/image-7.png 1559w\" sizes=\"(max-width: 1258px) 100vw, 1258px\" \/><\/figure>\n\n\n\n<p><\/p>\n\n\n\n<figure class=\"wp-block-image size-large\"><img decoding=\"async\" loading=\"lazy\" width=\"1260\" height=\"1900\" src=\"https:\/\/isfdyt209-bue.infd.edu.ar\/sitio\/wp-content\/uploads\/2026\/04\/image-6-1260x1900.png\" alt=\"\" class=\"wp-image-8088\" srcset=\"https:\/\/isfdyt209-bue.infd.edu.ar\/sitio\/wp-content\/uploads\/2026\/04\/image-6-1260x1900.png 1260w, https:\/\/isfdyt209-bue.infd.edu.ar\/sitio\/wp-content\/uploads\/2026\/04\/image-6-663x1000.png 663w, https:\/\/isfdyt209-bue.infd.edu.ar\/sitio\/wp-content\/uploads\/2026\/04\/image-6-768x1158.png 768w, https:\/\/isfdyt209-bue.infd.edu.ar\/sitio\/wp-content\/uploads\/2026\/04\/image-6-1019x1536.png 1019w, https:\/\/isfdyt209-bue.infd.edu.ar\/sitio\/wp-content\/uploads\/2026\/04\/image-6-1358x2048.png 1358w, https:\/\/isfdyt209-bue.infd.edu.ar\/sitio\/wp-content\/uploads\/2026\/04\/image-6.png 1780w\" sizes=\"(max-width: 1260px) 100vw, 1260px\" \/><\/figure>\n\n\n\n<p><br><\/p>\n","protected":false},"excerpt":{"rendered":"<p>A continuaci\u00f3n se detalla por carrera cuales materias tienen Promoci\u00f3n Directa, cuales requieren Final Obligatorio y cuales materias dependiendo la calificaci\u00f3n de la cursada tienen la posibilidad de ser promocionables o deben rendir un final para acreditarla.Tambi\u00e9n se Indica aquellas Materias que se pueden rendir LIBRE en cualquiera de las Instancias de Examen Final.<\/p>\n","protected":false},"author":1533,"featured_media":0,"parent":0,"menu_order":0,"comment_status":"closed","ping_status":"closed","template":"","meta":[],"acf":[],"_links":{"self":[{"href":"https:\/\/isfdyt209-bue.infd.edu.ar\/sitio\/wp-json\/wp\/v2\/pages\/7410"}],"collection":[{"href":"https:\/\/isfdyt209-bue.infd.edu.ar\/sitio\/wp-json\/wp\/v2\/pages"}],"about":[{"href":"https:\/\/isfdyt209-bue.infd.edu.ar\/sitio\/wp-json\/wp\/v2\/types\/page"}],"author":[{"embeddable":true,"href":"https:\/\/isfdyt209-bue.infd.edu.ar\/sitio\/wp-json\/wp\/v2\/users\/1533"}],"replies":[{"embeddable":true,"href":"https:\/\/isfdyt209-bue.infd.edu.ar\/sitio\/wp-json\/wp\/v2\/comments?post=7410"}],"version-history":[{"count":10,"href":"https:\/\/isfdyt209-bue.infd.edu.ar\/sitio\/wp-json\/wp\/v2\/pages\/7410\/revisions"}],"predecessor-version":[{"id":8099,"href":"https:\/\/isfdyt209-bue.infd.edu.ar\/sitio\/wp-json\/wp\/v2\/pages\/7410\/revisions\/8099"}],"wp:attachment":[{"href":"https:\/\/isfdyt209-bue.infd.edu.ar\/sitio\/wp-json\/wp\/v2\/media?parent=7410"}],"curies":[{"name":"wp","href":"https:\/\/api.w.org\/{rel}","templated":true}]}}