{"id":7083,"date":"2025-05-03T14:04:23","date_gmt":"2025-05-03T17:04:23","guid":{"rendered":"https:\/\/isfdyt209-bue.infd.edu.ar\/sitio\/?page_id=7083"},"modified":"2026-03-12T18:46:08","modified_gmt":"2026-03-12T21:46:08","slug":"%f0%9f%97%9einscripcion-examen-ultima-materia","status":"publish","type":"page","link":"https:\/\/isfdyt209-bue.infd.edu.ar\/sitio\/%f0%9f%97%9einscripcion-examen-ultima-materia\/","title":{"rendered":"&#x2705;Inscripci\u00f3n Examen Ultima Materia"},"content":{"rendered":"\n<p>La Inscripci\u00f3n de \u00e9sta instancia es para aquellos estudiantes que adeuden <strong>M\u00e1ximo 2 Materias<\/strong> para recibirse y quieran acceder a un examen especial para poder finalizar la carrera. Deben presentar el formulario de Solicitud antes del <strong>30 de Abril<\/strong> de <strong>18 a 21hs<\/strong> en preceptor\u00eda y una vez autorizado por la direcci\u00f3n  se informara las fecha de las mesa en caso de ser aprobada.<br><\/p>\n\n\n\n<p class=\"has-text-align-center\"><a href=\"https:\/\/isfdyt209-bue.infd.edu.ar\/sitio\/wp-content\/uploads\/2026\/03\/Solicitud-mesa-ultima-materia-1.pdf\">DESCARGAR FORMULARIO DE SOLICITUD<\/a><\/p>\n","protected":false},"excerpt":{"rendered":"<p>La Inscripci\u00f3n de \u00e9sta instancia es para aquellos estudiantes que adeuden M\u00e1ximo 2 Materias para recibirse y quieran acceder a un examen especial para poder finalizar la carrera. Deben presentar el formulario de Solicitud antes del 30 de Abril de 18 a 21hs en preceptor\u00eda y una vez autorizado por la direcci\u00f3n se informara las &#8230; <a title=\"&#x2705;Inscripci\u00f3n Examen Ultima Materia\" class=\"read-more\" href=\"https:\/\/isfdyt209-bue.infd.edu.ar\/sitio\/%f0%9f%97%9einscripcion-examen-ultima-materia\/\" aria-label=\"More on &#x2705;Inscripci\u00f3n Examen Ultima Materia\">[+]<\/a><\/p>\n","protected":false},"author":1533,"featured_media":0,"parent":0,"menu_order":0,"comment_status":"closed","ping_status":"closed","template":"","meta":[],"acf":[],"_links":{"self":[{"href":"https:\/\/isfdyt209-bue.infd.edu.ar\/sitio\/wp-json\/wp\/v2\/pages\/7083"}],"collection":[{"href":"https:\/\/isfdyt209-bue.infd.edu.ar\/sitio\/wp-json\/wp\/v2\/pages"}],"about":[{"href":"https:\/\/isfdyt209-bue.infd.edu.ar\/sitio\/wp-json\/wp\/v2\/types\/page"}],"author":[{"embeddable":true,"href":"https:\/\/isfdyt209-bue.infd.edu.ar\/sitio\/wp-json\/wp\/v2\/users\/1533"}],"replies":[{"embeddable":true,"href":"https:\/\/isfdyt209-bue.infd.edu.ar\/sitio\/wp-json\/wp\/v2\/comments?post=7083"}],"version-history":[{"count":13,"href":"https:\/\/isfdyt209-bue.infd.edu.ar\/sitio\/wp-json\/wp\/v2\/pages\/7083\/revisions"}],"predecessor-version":[{"id":8007,"href":"https:\/\/isfdyt209-bue.infd.edu.ar\/sitio\/wp-json\/wp\/v2\/pages\/7083\/revisions\/8007"}],"wp:attachment":[{"href":"https:\/\/isfdyt209-bue.infd.edu.ar\/sitio\/wp-json\/wp\/v2\/media?parent=7083"}],"curies":[{"name":"wp","href":"https:\/\/api.w.org\/{rel}","templated":true}]}}