{"id":6874,"date":"2025-03-28T18:58:43","date_gmt":"2025-03-28T21:58:43","guid":{"rendered":"https:\/\/isfdyt209-bue.infd.edu.ar\/sitio\/?page_id=6874"},"modified":"2026-04-21T19:56:06","modified_gmt":"2026-04-21T22:56:06","slug":"profesorado-en-educacion-inicial","status":"publish","type":"page","link":"https:\/\/isfdyt209-bue.infd.edu.ar\/sitio\/profesorado-en-educacion-inicial\/","title":{"rendered":"&#x1f7e3;Profesorado en Educaci\u00f3n Inicial."},"content":{"rendered":"\n<p><\/p>\n\n\n\n<p>La Educaci\u00f3n Inicial es una etapa clave en el desarrollo de la infancia y en la construcci\u00f3n de los cimientos del aprendizaje.<\/p>\n\n\n\n<p>El&nbsp;<strong>Profesorado de Educaci\u00f3n Inicial<\/strong>&nbsp;en Ceferino Namuncur\u00e1 se orienta a formar docentes con una s\u00f3lida preparaci\u00f3n te\u00f3rica y pr\u00e1ctica, capaces de responder a los desaf\u00edos de la ense\u00f1anza en contextos diversos. A lo largo de la carrera, no solo adquirir\u00e1s herramientas pedag\u00f3gicas y did\u00e1cticas, sino que tambi\u00e9n desarrollar\u00e1s competencias cognitivas y socioemocionales fundamentales para el ejercicio de la profesi\u00f3n.<\/p>\n\n\n\n<p>El plan de estudios combina el an\u00e1lisis de los fundamentos de la educaci\u00f3n con estrategias de ense\u00f1anza innovadoras, promoviendo la creatividad, el pensamiento cr\u00edtico y el acompa\u00f1amiento del ni\u00f1o en sus primeros a\u00f1os de formaci\u00f3n. La carrera se centra en la construcci\u00f3n de una pr\u00e1ctica docente reflexiva, que contemple la heterogeneidad de los escenarios actuales y el rol activo de la educaci\u00f3n en la transformaci\u00f3n social.<\/p>\n\n\n\n<p>Si te apasiona la ense\u00f1anza en los primeros a\u00f1os de vida y quer\u00e9s formarte para acompa\u00f1ar el crecimiento y el aprendizaje desde la infancia, este profesorado te brindar\u00e1 las herramientas para hacerlo con compromiso y vocaci\u00f3n.<\/p>\n\n\n\n<p style=\"font-size:16px\">&#x1f7e3;<strong>Sobre la Carrera:<\/strong><\/p>\n\n\n\n<ul style=\"font-size:16px\">\n<li><strong>M\u00e9todo de Cursada<\/strong>: Presencial<\/li>\n\n\n\n<li><strong>Fecha de Inicio<\/strong>: Marzo 2026<\/li>\n\n\n\n<li><strong>Duraci\u00f3n<\/strong>: 4 A\u00f1os<\/li>\n\n\n\n<li><strong>Requisitos y Documentaci\u00f3n<\/strong>: <a href=\"https:\/\/isfdyt209-bue.infd.edu.ar\/sitio\/requisitos\/\">Ingrese Aqu\u00ed<\/a><\/li>\n<\/ul>\n\n\n\n<figure class=\"wp-block-image size-large\"><img decoding=\"async\" loading=\"lazy\" width=\"1207\" height=\"1900\" src=\"https:\/\/isfdyt209-bue.infd.edu.ar\/sitio\/wp-content\/uploads\/2026\/04\/image-8-1207x1900.png\" alt=\"\" class=\"wp-image-8096\" srcset=\"https:\/\/isfdyt209-bue.infd.edu.ar\/sitio\/wp-content\/uploads\/2026\/04\/image-8-1207x1900.png 1207w, https:\/\/isfdyt209-bue.infd.edu.ar\/sitio\/wp-content\/uploads\/2026\/04\/image-8-635x1000.png 635w, https:\/\/isfdyt209-bue.infd.edu.ar\/sitio\/wp-content\/uploads\/2026\/04\/image-8-768x1209.png 768w, https:\/\/isfdyt209-bue.infd.edu.ar\/sitio\/wp-content\/uploads\/2026\/04\/image-8-976x1536.png 976w, https:\/\/isfdyt209-bue.infd.edu.ar\/sitio\/wp-content\/uploads\/2026\/04\/image-8-1301x2048.png 1301w, https:\/\/isfdyt209-bue.infd.edu.ar\/sitio\/wp-content\/uploads\/2026\/04\/image-8.png 1469w\" sizes=\"(max-width: 1207px) 100vw, 1207px\" \/><\/figure>\n\n\n\n<p style=\"font-size:27px\"><br>&#x1f7e3;<strong>Preceptora:\u00a0<mark style=\"background-color:rgba(0, 0, 0, 0);color:#ff2de7\" class=\"has-inline-color\">Silvana Molina<\/mark><\/strong>.<\/p>\n\n\n\n<ul>\n<li>Inscripci\u00f3n 2026&nbsp;&nbsp;<mark style=\"background-color:rgba(0, 0, 0, 0);color:#f20000\" class=\"has-inline-color\">(Sin Vacantes)<\/mark><\/li>\n\n\n\n<li><a href=\"https:\/\/isfdyt209-bue.infd.edu.ar\/sitio\/wp-content\/uploads\/2026\/03\/image-3.png\">Horarios de Cursada 2026<\/a>.<\/li>\n\n\n\n<li><a href=\"https:\/\/isfdyt209-bue.infd.edu.ar\/sitio\/plan-de-estudios-3\/\">Plan de Estudio y Docentes<\/a>.<\/li>\n\n\n\n<li><a href=\"https:\/\/isfdyt209-bue.infd.edu.ar\/sitio\/correlatividades-para-la-cursada-en-educacion-inicial\/\">Correlatividades de Cursadas y Finales.<\/a><\/li>\n\n\n\n<li><a href=\"https:\/\/isfdyt209-bue.infd.edu.ar\/sitio\/mesas-de-examen\/\">Mesas de Examen.<\/a><\/li>\n<\/ul>\n","protected":false},"excerpt":{"rendered":"<p>La Educaci\u00f3n Inicial es una etapa clave en el desarrollo de la infancia y en la construcci\u00f3n de los cimientos del aprendizaje. El&nbsp;Profesorado de Educaci\u00f3n Inicial&nbsp;en Ceferino Namuncur\u00e1 se orienta a formar docentes con una s\u00f3lida preparaci\u00f3n te\u00f3rica y pr\u00e1ctica, capaces de responder a los desaf\u00edos de la ense\u00f1anza en contextos diversos. A lo largo &#8230; <a title=\"&#x1f7e3;Profesorado en Educaci\u00f3n Inicial.\" class=\"read-more\" href=\"https:\/\/isfdyt209-bue.infd.edu.ar\/sitio\/profesorado-en-educacion-inicial\/\" aria-label=\"More on &#x1f7e3;Profesorado en Educaci\u00f3n Inicial.\">[+]<\/a><\/p>\n","protected":false},"author":1533,"featured_media":0,"parent":0,"menu_order":0,"comment_status":"closed","ping_status":"closed","template":"","meta":[],"acf":[],"_links":{"self":[{"href":"https:\/\/isfdyt209-bue.infd.edu.ar\/sitio\/wp-json\/wp\/v2\/pages\/6874"}],"collection":[{"href":"https:\/\/isfdyt209-bue.infd.edu.ar\/sitio\/wp-json\/wp\/v2\/pages"}],"about":[{"href":"https:\/\/isfdyt209-bue.infd.edu.ar\/sitio\/wp-json\/wp\/v2\/types\/page"}],"author":[{"embeddable":true,"href":"https:\/\/isfdyt209-bue.infd.edu.ar\/sitio\/wp-json\/wp\/v2\/users\/1533"}],"replies":[{"embeddable":true,"href":"https:\/\/isfdyt209-bue.infd.edu.ar\/sitio\/wp-json\/wp\/v2\/comments?post=6874"}],"version-history":[{"count":27,"href":"https:\/\/isfdyt209-bue.infd.edu.ar\/sitio\/wp-json\/wp\/v2\/pages\/6874\/revisions"}],"predecessor-version":[{"id":8097,"href":"https:\/\/isfdyt209-bue.infd.edu.ar\/sitio\/wp-json\/wp\/v2\/pages\/6874\/revisions\/8097"}],"wp:attachment":[{"href":"https:\/\/isfdyt209-bue.infd.edu.ar\/sitio\/wp-json\/wp\/v2\/media?parent=6874"}],"curies":[{"name":"wp","href":"https:\/\/api.w.org\/{rel}","templated":true}]}}