{"id":6512,"date":"2024-12-09T00:36:10","date_gmt":"2024-12-09T03:36:10","guid":{"rendered":"https:\/\/isfdyt209-bue.infd.edu.ar\/sitio\/?page_id=6512"},"modified":"2026-03-26T19:04:39","modified_gmt":"2026-03-26T22:04:39","slug":"profesorado-en-educacion-primaria-2","status":"publish","type":"page","link":"https:\/\/isfdyt209-bue.infd.edu.ar\/sitio\/profesorado-en-educacion-primaria-2\/","title":{"rendered":"&#x1f7e1;Profesorado en Educaci\u00f3n Primaria"},"content":{"rendered":"\n<p><strong>Presentaci\u00f3n:<\/strong><\/p>\n\n\n\n<p>El Profesorado de Educaci\u00f3n Primaria forma docentes para desempe\u00f1arse en el nivel primario del sistema educativo. Posee una duraci\u00f3n de 4 a\u00f1os y se cursa de Lunes a Viernes en turno vespertino y los d\u00edas S\u00e1bado por la ma\u00f1ana.<\/p>\n\n\n\n<p>Principales objetivos y alcances de la carrera:<\/p>\n\n\n\n<ul>\n<li>Identificar las caracter\u00edsticas y necesidades de aprendizaje de los alumnos como base para sus pr\u00e1cticas docentes.<\/li>\n\n\n\n<li>Planificar, desarrollar y evaluar procesos de ense\u00f1anza y aprendizaje en el Nivel Primario.<\/li>\n\n\n\n<li>Participar de la elaboraci\u00f3n de diagn\u00f3sticos y proyectos institucionales.<\/li>\n\n\n\n<li>Participar en la evaluaci\u00f3n y elaboraci\u00f3n de planes, programas y proyectos educativos de instituciones de Educaci\u00f3n Primaria.<\/li>\n\n\n\n<li>Participar en proyectos de investigaci\u00f3n que aborden problem\u00e1ticas atinentes a la Educaci\u00f3n Primaria.<\/li>\n<\/ul>\n\n\n\n<p style=\"font-size:16px\">&#x1f7e1;<strong>Sobre la Carrera: <\/strong><\/p>\n\n\n\n<ul style=\"font-size:16px\">\n<li><strong>M\u00e9todo de Cursada<\/strong>: Presencial<\/li>\n\n\n\n<li><strong>Fecha de Inicio<\/strong>: Marzo 2026<\/li>\n\n\n\n<li><strong>Duraci\u00f3n<\/strong>: 4 A\u00f1os<\/li>\n\n\n\n<li><strong>Requisitos y Documentaci\u00f3n<\/strong>: <a href=\"https:\/\/isfdyt209-bue.infd.edu.ar\/sitio\/requisitos\/\">Ingrese Aqu\u00ed<\/a><\/li>\n<\/ul>\n\n\n\n<figure class=\"wp-block-image size-large\"><img decoding=\"async\" loading=\"lazy\" width=\"1175\" height=\"1900\" src=\"https:\/\/isfdyt209-bue.infd.edu.ar\/sitio\/wp-content\/uploads\/2025\/10\/image-7-1175x1900.png\" alt=\"\" class=\"wp-image-7646\" srcset=\"https:\/\/isfdyt209-bue.infd.edu.ar\/sitio\/wp-content\/uploads\/2025\/10\/image-7-1175x1900.png 1175w, https:\/\/isfdyt209-bue.infd.edu.ar\/sitio\/wp-content\/uploads\/2025\/10\/image-7-618x1000.png 618w, https:\/\/isfdyt209-bue.infd.edu.ar\/sitio\/wp-content\/uploads\/2025\/10\/image-7-768x1242.png 768w, https:\/\/isfdyt209-bue.infd.edu.ar\/sitio\/wp-content\/uploads\/2025\/10\/image-7-950x1536.png 950w, https:\/\/isfdyt209-bue.infd.edu.ar\/sitio\/wp-content\/uploads\/2025\/10\/image-7-1267x2048.png 1267w, https:\/\/isfdyt209-bue.infd.edu.ar\/sitio\/wp-content\/uploads\/2025\/10\/image-7.png 1441w\" sizes=\"(max-width: 1175px) 100vw, 1175px\" \/><\/figure>\n\n\n\n<p style=\"font-size:22px\">&#x1f7e1;<strong>Preceptora: <mark style=\"background-color:rgba(0, 0, 0, 0);color:#ffd128\" class=\"has-inline-color\">Zulma Vigano<\/mark><\/strong><\/p>\n\n\n\n<ul>\n<li><a href=\"https:\/\/isfdyt209-bue.infd.edu.ar\/sitio\/inscripcion-2024\/\">Inscripci\u00f3n 2026<\/a>  <strong><mark style=\"background-color:rgba(0, 0, 0, 0);color:#ff0000\" class=\"has-inline-color\">(Finalizada)<\/mark><\/strong><\/li>\n\n\n\n<li><a href=\"https:\/\/isfdyt209-bue.infd.edu.ar\/sitio\/wp-content\/uploads\/2026\/03\/image-11.png\">Horarios de Cursada 2026<\/a><\/li>\n\n\n\n<li><a href=\"https:\/\/isfdyt209-bue.infd.edu.ar\/sitio\/plan-de-estudios\/\">Plan de Estudio y Docentes<\/a>.<\/li>\n\n\n\n<li><a href=\"https:\/\/isfdyt209-bue.infd.edu.ar\/sitio\/correlatividades-para-la-cursada-en-educacion-primaria\/\">Correlatividades de Cursadas y Finales.<\/a><\/li>\n\n\n\n<li><a href=\"https:\/\/isfdyt209-bue.infd.edu.ar\/sitio\/mesas-de-examen\/\">Mesas de Examen. <\/a><\/li>\n<\/ul>\n","protected":false},"excerpt":{"rendered":"<p>Presentaci\u00f3n: El Profesorado de Educaci\u00f3n Primaria forma docentes para desempe\u00f1arse en el nivel primario del sistema educativo. Posee una duraci\u00f3n de 4 a\u00f1os y se cursa de Lunes a Viernes en turno vespertino y los d\u00edas S\u00e1bado por la ma\u00f1ana. Principales objetivos y alcances de la carrera: &#x1f7e1;Sobre la Carrera: &#x1f7e1;Preceptora: Zulma Vigano<\/p>\n","protected":false},"author":1533,"featured_media":0,"parent":0,"menu_order":0,"comment_status":"closed","ping_status":"closed","template":"","meta":[],"acf":[],"_links":{"self":[{"href":"https:\/\/isfdyt209-bue.infd.edu.ar\/sitio\/wp-json\/wp\/v2\/pages\/6512"}],"collection":[{"href":"https:\/\/isfdyt209-bue.infd.edu.ar\/sitio\/wp-json\/wp\/v2\/pages"}],"about":[{"href":"https:\/\/isfdyt209-bue.infd.edu.ar\/sitio\/wp-json\/wp\/v2\/types\/page"}],"author":[{"embeddable":true,"href":"https:\/\/isfdyt209-bue.infd.edu.ar\/sitio\/wp-json\/wp\/v2\/users\/1533"}],"replies":[{"embeddable":true,"href":"https:\/\/isfdyt209-bue.infd.edu.ar\/sitio\/wp-json\/wp\/v2\/comments?post=6512"}],"version-history":[{"count":33,"href":"https:\/\/isfdyt209-bue.infd.edu.ar\/sitio\/wp-json\/wp\/v2\/pages\/6512\/revisions"}],"predecessor-version":[{"id":8046,"href":"https:\/\/isfdyt209-bue.infd.edu.ar\/sitio\/wp-json\/wp\/v2\/pages\/6512\/revisions\/8046"}],"wp:attachment":[{"href":"https:\/\/isfdyt209-bue.infd.edu.ar\/sitio\/wp-json\/wp\/v2\/media?parent=6512"}],"curies":[{"name":"wp","href":"https:\/\/api.w.org\/{rel}","templated":true}]}}