{"id":6116,"date":"2024-08-21T20:45:27","date_gmt":"2024-08-21T23:45:27","guid":{"rendered":"https:\/\/isfdyt209-bue.infd.edu.ar\/sitio\/?page_id=6116"},"modified":"2024-12-18T19:14:28","modified_gmt":"2024-12-18T22:14:28","slug":"biblioteca-digital","status":"publish","type":"page","link":"https:\/\/isfdyt209-bue.infd.edu.ar\/sitio\/biblioteca-digital\/","title":{"rendered":"&#x1f4da;Biblioteca Digital &#x1f4f1;"},"content":{"rendered":"\n<p>&nbsp;Aqu\u00ed se encuentran buena parte de los Programas y Contenidos de las Carreras en ARCHIVOS<\/p>\n\n\n\n<p>Ingresando a <a href=\"https:\/\/isfdyt209-bue.infd.edu.ar\/aula\/archivos.cgi?id_curso=25\">ARCHIVOS<\/a>  dentro del Campus con tu usuario y clave tendr\u00e1s&nbsp;las carpetas de los Programas 2024&nbsp; por cada carrera. y adem\u00e1s las carpetas de los ex\u00e1menes, pautas, planificaciones y propuestas para rendir ex\u00e1menes 2024, los que&nbsp; fueron en febrero y los pr\u00f3ximos de agosto.<\/p>\n\n\n\n<ul>\n<li><a href=\"https:\/\/drive.google.com\/drive\/folders\/1KIkXCKHgPKkHPZR1wYZRcf24Ghyxsapj\">Drive 1<\/a><\/li>\n\n\n\n<li><a href=\"https:\/\/drive.google.com\/drive\/folders\/1UQxCUXFLHvo9WVN1KTOAy2k2QkSimFjB\">Drive 2<\/a><\/li>\n<\/ul>\n\n\n\n<h5 class=\"wp-block-heading\">Recursero de Actividades L\u00fadicas en Clave de ESI <\/h5>\n\n\n\n<p>Les compartimos el Recursero de actividades l\u00fadicas en clave de ESI &#8211; 2024&nbsp;realizado por estudiantes de 4\u00b0 a\u00f1o del Profesorado de Educaci\u00f3n F\u00edsica, durante la cursada del TFO \u00abESI: vulnerabilidad e inclusi\u00f3n. <\/p>\n\n\n\n<p class=\"has-text-align-center\">&#x27a1;&#xfe0f; <a href=\"https:\/\/padlet.com\/sheilaturcountref\/isfdyt-209-ceferino-namuncur-recursero-de-actividades-l-dica-259wrr0ne1a0o1fd\">Entrar al Recursero<\/a><\/p>\n","protected":false},"excerpt":{"rendered":"<p>&nbsp;Aqu\u00ed se encuentran buena parte de los Programas y Contenidos de las Carreras en ARCHIVOS Ingresando a ARCHIVOS dentro del Campus con tu usuario y clave tendr\u00e1s&nbsp;las carpetas de los Programas 2024&nbsp; por cada carrera. y adem\u00e1s las carpetas de los ex\u00e1menes, pautas, planificaciones y propuestas para rendir ex\u00e1menes 2024, los que&nbsp; fueron en febrero &#8230; <a title=\"&#x1f4da;Biblioteca Digital &#x1f4f1;\" class=\"read-more\" href=\"https:\/\/isfdyt209-bue.infd.edu.ar\/sitio\/biblioteca-digital\/\" aria-label=\"More on &#x1f4da;Biblioteca Digital &#x1f4f1;\">[+]<\/a><\/p>\n","protected":false},"author":1533,"featured_media":0,"parent":0,"menu_order":0,"comment_status":"closed","ping_status":"closed","template":"","meta":[],"acf":[],"_links":{"self":[{"href":"https:\/\/isfdyt209-bue.infd.edu.ar\/sitio\/wp-json\/wp\/v2\/pages\/6116"}],"collection":[{"href":"https:\/\/isfdyt209-bue.infd.edu.ar\/sitio\/wp-json\/wp\/v2\/pages"}],"about":[{"href":"https:\/\/isfdyt209-bue.infd.edu.ar\/sitio\/wp-json\/wp\/v2\/types\/page"}],"author":[{"embeddable":true,"href":"https:\/\/isfdyt209-bue.infd.edu.ar\/sitio\/wp-json\/wp\/v2\/users\/1533"}],"replies":[{"embeddable":true,"href":"https:\/\/isfdyt209-bue.infd.edu.ar\/sitio\/wp-json\/wp\/v2\/comments?post=6116"}],"version-history":[{"count":7,"href":"https:\/\/isfdyt209-bue.infd.edu.ar\/sitio\/wp-json\/wp\/v2\/pages\/6116\/revisions"}],"predecessor-version":[{"id":6549,"href":"https:\/\/isfdyt209-bue.infd.edu.ar\/sitio\/wp-json\/wp\/v2\/pages\/6116\/revisions\/6549"}],"wp:attachment":[{"href":"https:\/\/isfdyt209-bue.infd.edu.ar\/sitio\/wp-json\/wp\/v2\/media?parent=6116"}],"curies":[{"name":"wp","href":"https:\/\/api.w.org\/{rel}","templated":true}]}}