{"id":5864,"date":"2024-06-06T21:12:10","date_gmt":"2024-06-07T00:12:10","guid":{"rendered":"https:\/\/isfdyt209-bue.infd.edu.ar\/sitio\/?page_id=5864"},"modified":"2024-08-21T21:01:06","modified_gmt":"2024-08-22T00:01:06","slug":"consejo-academico-institucional-2","status":"publish","type":"page","link":"https:\/\/isfdyt209-bue.infd.edu.ar\/sitio\/consejo-academico-institucional-2\/","title":{"rendered":"Consejo Acad\u00e9mico Institucional"},"content":{"rendered":"\n<p><\/p>\n\n\n\n<h2 class=\"wp-block-heading\"><strong>\u00bfQU\u00c9 ES EL CAI?<\/strong><\/h2>\n\n\n\n<p>El Consejo Acad\u00e9mico Institucional (CAI) es un \u00f3rgano colegiado de asesoramiento, propuesta, debate y decisi\u00f3n, para una gesti\u00f3n participativa, en el marco de la autonom\u00eda institucional en la unidad del sistema del nivel superior, dentro de las regulaciones de la pol\u00edtica educativa jurisdiccional y federal.<\/p>\n\n\n\n<p>El CAI constituye un \u00f3rgano que favorece el desarrollo de una gesti\u00f3n democr\u00e1tica que asume la representaci\u00f3n de los diferentes claustros en la toma de decisiones institucionales e instancias de control que aseguran el car\u00e1cter p\u00fablico de las acciones.<\/p>\n\n\n\n<p>El CAI se organiza y se desarrolla conforme al reglamento interno aprobado, en el marco de lo establecido en la Resoluci\u00f3n 4044\/09.&nbsp;<\/p>\n\n\n\n<p>Las decisiones del CAI tendr\u00e1n car\u00e1cter vinculante para la Instituci\u00f3n en relaci\u00f3n con las responsabilidades y funciones que posee este \u00f3rgano; as\u00ed como tambi\u00e9n, car\u00e1cter de asesoramiento en toda otra cuesti\u00f3n que trate a requerimiento de los equipos de conducci\u00f3n.<\/p>\n\n\n\n<h2 class=\"wp-block-heading\"><strong>\u00bfQU\u00c9 FUNCIONES CUMPLE?<\/strong><\/h2>\n\n\n\n<p>Intervenir en cuestiones vinculadas a la organizaci\u00f3n institucional, presupuestaria \u2013tratamiento de planta org\u00e1nico-funcional- gesti\u00f3n curricular, proyectos de articulaci\u00f3n, extensi\u00f3n e investigaci\u00f3n, concursos docentes, convivencia y trayectorias estudiantiles.<\/p>\n\n\n\n<h2 class=\"wp-block-heading\"><strong>\u00bfQUI\u00c9NES LO INTEGRAN?<\/strong><\/h2>\n\n\n\n<p>El Consejo est\u00e1 compuesto por un integrante del Equipo de Conducci\u00f3n del Establecimiento, por representantes del Claustro Docente, del Claustro de No Docentes y del Claustro de Estudiantes:<\/p>\n\n\n\n<ul>\n<li><strong>Director, Secretario y Regente del Instituto<\/strong><\/li>\n<\/ul>\n\n\n\n<ul>\n<li><strong>Prof. Marianela ARROBAS<\/strong><\/li>\n\n\n\n<li><strong>Prof. Ariel CANABAL<\/strong><\/li>\n\n\n\n<li><strong>Prof.&nbsp;Laura CAPACE<\/strong><\/li>\n\n\n\n<li><strong>Prof. Sandra DI STANTE<\/strong><\/li>\n\n\n\n<li><strong>Prof. Sebasti\u00e1n DIAZ<\/strong><\/li>\n\n\n\n<li><strong>Prof. Silvia DOS SANTOS<\/strong><\/li>\n\n\n\n<li><strong>Prof. Fernanda MUJICA<\/strong><\/li>\n\n\n\n<li><strong>Prof. Gustavo PALETTA<\/strong><\/li>\n\n\n\n<li><strong>Prof. Teresa RIELLA<\/strong><\/li>\n\n\n\n<li><strong>Prof. Nancy SILVA<\/strong><\/li>\n<\/ul>\n\n\n\n<h2 class=\"wp-block-heading\"><\/h2>\n\n\n\n<h2 class=\"wp-block-heading\"><strong>\u00bfQU\u00c9 NORMAS REGULAN EL FUNCIONAMIENTO DEL CAI?<\/strong><\/h2>\n\n\n\n<p>Las normas que regulan el funcionamiento del CAI son la Resoluci\u00f3n 4044\/09; disposiciones y comunicaciones complementarias de la Direcci\u00f3n Provincial de Educaci\u00f3n Superior; y el Reglamento Interno B\u00e1sico del CAI.<\/p>\n\n\n\n<p>Adem\u00e1s, el CAI atiende a todas aquellas normas emanadas de la DGCYE y del Consejo Federal de Educaci\u00f3n, que se encuentran vinculadas a los diferentes temas que aborda y sobre los que resuelve.&nbsp;<\/p>\n\n\n\n<h2 class=\"wp-block-heading\"><strong>\u00bfQUI\u00c9NES PUEDEN PARTICIPAR DE LAS REUNIONES DEL CAI Y C\u00d3MO LO HACEN?<\/strong><\/h2>\n\n\n\n<p>Las reuniones de CAI son p\u00fablicas, salvo situaci\u00f3n excepcional en acuerdo con los mecanismos pautados por la Resoluci\u00f3n 4044\/09, y comunicadas con 7 d\u00edas de anticipaci\u00f3n a la comunidad educativa y a los miembros del CAI por el cronograma institucional y todos los medios disponibles. La Direcci\u00f3n ser\u00e1 la responsable de la convocatoria a reuniones ordinarias y extraordinarias<\/p>\n\n\n\n<p>Los consejeros acad\u00e9micos ser\u00e1n quienes proponen el cronograma de reuniones ordinarias y los temas que integran el orden del d\u00eda de cada reuni\u00f3n; y quienes, con el quorum requerido para sesionar, aprobar\u00e1n\/rechazar\u00e1n por voto las diferentes propuestas que se elaboran.&nbsp;&nbsp;<\/p>\n","protected":false},"excerpt":{"rendered":"<p>\u00bfQU\u00c9 ES EL CAI? El Consejo Acad\u00e9mico Institucional (CAI) es un \u00f3rgano colegiado de asesoramiento, propuesta, debate y decisi\u00f3n, para una gesti\u00f3n participativa, en el marco de la autonom\u00eda institucional en la unidad del sistema del nivel superior, dentro de las regulaciones de la pol\u00edtica educativa jurisdiccional y federal. El CAI constituye un \u00f3rgano que &#8230; <a title=\"Consejo Acad\u00e9mico Institucional\" class=\"read-more\" href=\"https:\/\/isfdyt209-bue.infd.edu.ar\/sitio\/consejo-academico-institucional-2\/\" aria-label=\"More on Consejo Acad\u00e9mico Institucional\">[+]<\/a><\/p>\n","protected":false},"author":1533,"featured_media":0,"parent":0,"menu_order":0,"comment_status":"closed","ping_status":"closed","template":"","meta":[],"acf":[],"_links":{"self":[{"href":"https:\/\/isfdyt209-bue.infd.edu.ar\/sitio\/wp-json\/wp\/v2\/pages\/5864"}],"collection":[{"href":"https:\/\/isfdyt209-bue.infd.edu.ar\/sitio\/wp-json\/wp\/v2\/pages"}],"about":[{"href":"https:\/\/isfdyt209-bue.infd.edu.ar\/sitio\/wp-json\/wp\/v2\/types\/page"}],"author":[{"embeddable":true,"href":"https:\/\/isfdyt209-bue.infd.edu.ar\/sitio\/wp-json\/wp\/v2\/users\/1533"}],"replies":[{"embeddable":true,"href":"https:\/\/isfdyt209-bue.infd.edu.ar\/sitio\/wp-json\/wp\/v2\/comments?post=5864"}],"version-history":[{"count":3,"href":"https:\/\/isfdyt209-bue.infd.edu.ar\/sitio\/wp-json\/wp\/v2\/pages\/5864\/revisions"}],"predecessor-version":[{"id":6125,"href":"https:\/\/isfdyt209-bue.infd.edu.ar\/sitio\/wp-json\/wp\/v2\/pages\/5864\/revisions\/6125"}],"wp:attachment":[{"href":"https:\/\/isfdyt209-bue.infd.edu.ar\/sitio\/wp-json\/wp\/v2\/media?parent=5864"}],"curies":[{"name":"wp","href":"https:\/\/api.w.org\/{rel}","templated":true}]}}