{"id":5780,"date":"2024-05-29T18:38:59","date_gmt":"2024-05-29T21:38:59","guid":{"rendered":"https:\/\/isfdyt209-bue.infd.edu.ar\/sitio\/?page_id=5780"},"modified":"2025-05-07T21:41:17","modified_gmt":"2025-05-08T00:41:17","slug":"fechas-de-examen-julio-agosto-2024","status":"publish","type":"page","link":"https:\/\/isfdyt209-bue.infd.edu.ar\/sitio\/fechas-de-examen-julio-agosto-2024\/","title":{"rendered":"&#x1f5d3;&#xfe0f; Finales Febrero- Marzo 2025"},"content":{"rendered":"\n<p class=\"has-text-align-center has-base-background-color has-background\">     &#x1f6a8;<strong>IMPORTANTE: Alumnos de 1\u00b0 a\u00f1o que aprobaron las cursadas 2024 siguen inscriptos autom\u00e1ticamente en las mesas; no necesitan anotarse a ning\u00fan final<\/strong>. La\u00a0inscripci\u00f3n\u00a0a los Finales ser\u00e1n los d\u00edas\u00a0<strong><strong>12, 13 y 14 de Febrero de 18 a 21hs<\/strong><\/strong>, deber\u00e1n completar el <a href=\"https:\/\/isfdyt209-bue.infd.edu.ar\/sitio\/cupones-inscripcion-finales-2024\/\">cup\u00f3n de inscripci\u00f3n<\/a> y entregarlo en Preceptor\u00eda <strong>(si se rinde alguna materia Libre <strong>indicar en el cup\u00f3n<\/strong>)<\/strong>. Se recomienda tener cooperadora al d\u00eda y controlar las\u00a0<a href=\"https:\/\/isfdyt209-bue.infd.edu.ar\/sitio\/nuevo-regimen-de-correlativas-%e2%9a%a0%ef%b8%8fimportante-%e2%9a%a0%ef%b8%8f\/\"><strong>correlatividades<\/strong>\u00a0<\/a>antes de anotarse para evitar inconvenientes el d\u00eda de la mesa.<\/p>\n\n\n\n<p><strong>-Otras observaciones:<\/strong><\/p>\n\n\n\n<p>&#x2705; Las Materias Promocionadas deben igual anotarse al final para firmar y acreditar la nota.<\/p>\n\n\n\n<p>&#x1f464; La inscripci\u00f3n es presencial, en caso de enviar a otra persona adjuntarle una autorizaci\u00f3n firmada por el estudiante interesado<strong>.<\/strong><\/p>\n\n\n\n<p>&#x231a; El horario de las mesas es 17:30hs; la tolerancia es de 15 minutos (dar aviso previo para causas excepcionales).<\/p>\n\n\n\n<p>&#x274c; <strong>ALUMNOS QUE NO TENGAN EL ANALITICO DEL SECUNDARIO NO PUEDEN RENDIR FINALES.<\/strong><\/p>\n\n\n\n<h2 class=\"wp-block-heading has-text-align-center\">Fechas <strong>Educaci\u00f3n F\u00edsica:<\/strong><\/h2>\n\n\n\n<figure class=\"wp-block-image size-large\"><img decoding=\"async\" loading=\"lazy\" width=\"1505\" height=\"1900\" src=\"https:\/\/isfdyt209-bue.infd.edu.ar\/sitio\/wp-content\/uploads\/2025\/02\/image-1-1505x1900.png\" alt=\"\" class=\"wp-image-6643\" srcset=\"https:\/\/isfdyt209-bue.infd.edu.ar\/sitio\/wp-content\/uploads\/2025\/02\/image-1-1505x1900.png 1505w, https:\/\/isfdyt209-bue.infd.edu.ar\/sitio\/wp-content\/uploads\/2025\/02\/image-1-792x1000.png 792w, https:\/\/isfdyt209-bue.infd.edu.ar\/sitio\/wp-content\/uploads\/2025\/02\/image-1-768x970.png 768w, https:\/\/isfdyt209-bue.infd.edu.ar\/sitio\/wp-content\/uploads\/2025\/02\/image-1-1216x1536.png 1216w, https:\/\/isfdyt209-bue.infd.edu.ar\/sitio\/wp-content\/uploads\/2025\/02\/image-1-1622x2048.png 1622w, https:\/\/isfdyt209-bue.infd.edu.ar\/sitio\/wp-content\/uploads\/2025\/02\/image-1.png 1976w\" sizes=\"(max-width: 1505px) 100vw, 1505px\" \/><\/figure>\n\n\n\n<div class=\"wp-block-buttons is-layout-flex\">\n<div class=\"wp-block-button has-custom-width wp-block-button__width-100 is-style-fill\"><a class=\"wp-block-button__link has-contrast-color has-text-color has-background wp-element-button\" href=\"https:\/\/isfdyt209-bue.infd.edu.ar\/sitio\/wp-content\/uploads\/2025\/02\/image-1.png\" style=\"background-color:#00fe50\" target=\"_blank\" rel=\"noreferrer noopener\">Descargar Fechas<\/a><\/div>\n\n\n\n<div class=\"wp-block-button has-custom-width wp-block-button__width-100\"><a class=\"wp-block-button__link has-contrast-color has-text-color has-background wp-element-button\" href=\"https:\/\/isfdyt209-bue.infd.edu.ar\/sitio\/wp-content\/uploads\/2024\/12\/Cupon-EF.pdf\" style=\"background-color:#00fe50\">Descargar Cup\u00f3n<\/a><\/div>\n<\/div>\n\n\n\n<hr class=\"wp-block-separator has-alpha-channel-opacity\"\/>\n\n\n\n<h2 class=\"wp-block-heading has-text-align-center\">Fechas <strong>Educaci\u00f3n<\/strong> Primaria:<\/h2>\n\n\n\n<figure class=\"wp-block-image size-large\"><img decoding=\"async\" loading=\"lazy\" width=\"1900\" height=\"1845\" src=\"https:\/\/isfdyt209-bue.infd.edu.ar\/sitio\/wp-content\/uploads\/2025\/02\/image-2-1900x1845.png\" alt=\"\" class=\"wp-image-6645\" srcset=\"https:\/\/isfdyt209-bue.infd.edu.ar\/sitio\/wp-content\/uploads\/2025\/02\/image-2-1900x1845.png 1900w, https:\/\/isfdyt209-bue.infd.edu.ar\/sitio\/wp-content\/uploads\/2025\/02\/image-2-1000x971.png 1000w, https:\/\/isfdyt209-bue.infd.edu.ar\/sitio\/wp-content\/uploads\/2025\/02\/image-2-768x746.png 768w, https:\/\/isfdyt209-bue.infd.edu.ar\/sitio\/wp-content\/uploads\/2025\/02\/image-2-1536x1492.png 1536w, https:\/\/isfdyt209-bue.infd.edu.ar\/sitio\/wp-content\/uploads\/2025\/02\/image-2.png 1976w\" sizes=\"(max-width: 1900px) 100vw, 1900px\" \/><\/figure>\n\n\n\n<div class=\"wp-block-buttons is-layout-flex\">\n<div class=\"wp-block-button has-custom-width wp-block-button__width-100\"><a class=\"wp-block-button__link has-contrast-color has-text-color has-background wp-element-button\" href=\"https:\/\/isfdyt209-bue.infd.edu.ar\/sitio\/wp-content\/uploads\/2025\/02\/image-2.png\" style=\"background-color:#fff200\" target=\"_blank\" rel=\"noreferrer noopener\">Descargar Fechas<\/a><\/div>\n\n\n\n<div class=\"wp-block-button has-custom-width wp-block-button__width-100\"><a class=\"wp-block-button__link has-contrast-color has-text-color has-background wp-element-button\" href=\"https:\/\/isfdyt209-bue.infd.edu.ar\/sitio\/wp-content\/uploads\/2025\/02\/Cupon-EP.pdf\" style=\"background-color:#fff200\">Descargar Cup\u00f3n<\/a><\/div>\n<\/div>\n\n\n\n<hr class=\"wp-block-separator has-alpha-channel-opacity\"\/>\n\n\n\n<h2 class=\"wp-block-heading has-text-align-center\">Fechas <strong>Educaci\u00f3n<\/strong> Inicial:<\/h2>\n\n\n\n<figure class=\"wp-block-image size-large\"><img decoding=\"async\" loading=\"lazy\" width=\"1874\" height=\"1900\" src=\"https:\/\/isfdyt209-bue.infd.edu.ar\/sitio\/wp-content\/uploads\/2025\/02\/image-3-1874x1900.png\" alt=\"\" class=\"wp-image-6646\" srcset=\"https:\/\/isfdyt209-bue.infd.edu.ar\/sitio\/wp-content\/uploads\/2025\/02\/image-3-1874x1900.png 1874w, https:\/\/isfdyt209-bue.infd.edu.ar\/sitio\/wp-content\/uploads\/2025\/02\/image-3-987x1000.png 987w, https:\/\/isfdyt209-bue.infd.edu.ar\/sitio\/wp-content\/uploads\/2025\/02\/image-3-768x778.png 768w, https:\/\/isfdyt209-bue.infd.edu.ar\/sitio\/wp-content\/uploads\/2025\/02\/image-3-1515x1536.png 1515w, https:\/\/isfdyt209-bue.infd.edu.ar\/sitio\/wp-content\/uploads\/2025\/02\/image-3.png 1976w\" sizes=\"(max-width: 1874px) 100vw, 1874px\" \/><\/figure>\n\n\n\n<div class=\"wp-block-buttons is-layout-flex\">\n<div class=\"wp-block-button has-custom-width wp-block-button__width-100\"><a class=\"wp-block-button__link has-contrast-color has-text-color has-background wp-element-button\" href=\"https:\/\/isfdyt209-bue.infd.edu.ar\/sitio\/wp-content\/uploads\/2025\/02\/image-3.png\" style=\"background-color:#f077de\" target=\"_blank\" rel=\"noreferrer noopener\">Descargar Fechas<\/a><\/div>\n\n\n\n<div class=\"wp-block-button has-custom-width wp-block-button__width-100\"><a class=\"wp-block-button__link has-contrast-color has-text-color has-background wp-element-button\" href=\"https:\/\/isfdyt209-bue.infd.edu.ar\/sitio\/wp-content\/uploads\/2024\/12\/Cupon-EI.pdf\" style=\"background-color:#f077de\">Descargar Cup\u00f3n<\/a><\/div>\n<\/div>\n","protected":false},"excerpt":{"rendered":"<p>&#x1f6a8;IMPORTANTE: Alumnos de 1\u00b0 a\u00f1o que aprobaron las cursadas 2024 siguen inscriptos autom\u00e1ticamente en las mesas; no necesitan anotarse a ning\u00fan final. La\u00a0inscripci\u00f3n\u00a0a los Finales ser\u00e1n los d\u00edas\u00a012, 13 y 14 de Febrero de 18 a 21hs, deber\u00e1n completar el cup\u00f3n de inscripci\u00f3n y entregarlo en Preceptor\u00eda (si se rinde alguna materia Libre indicar en &#8230; <a title=\"&#x1f5d3;&#xfe0f; Finales Febrero- Marzo 2025\" class=\"read-more\" href=\"https:\/\/isfdyt209-bue.infd.edu.ar\/sitio\/fechas-de-examen-julio-agosto-2024\/\" aria-label=\"More on &#x1f5d3;&#xfe0f; Finales Febrero- Marzo 2025\">[+]<\/a><\/p>\n","protected":false},"author":1533,"featured_media":0,"parent":0,"menu_order":0,"comment_status":"closed","ping_status":"closed","template":"","meta":[],"acf":[],"_links":{"self":[{"href":"https:\/\/isfdyt209-bue.infd.edu.ar\/sitio\/wp-json\/wp\/v2\/pages\/5780"}],"collection":[{"href":"https:\/\/isfdyt209-bue.infd.edu.ar\/sitio\/wp-json\/wp\/v2\/pages"}],"about":[{"href":"https:\/\/isfdyt209-bue.infd.edu.ar\/sitio\/wp-json\/wp\/v2\/types\/page"}],"author":[{"embeddable":true,"href":"https:\/\/isfdyt209-bue.infd.edu.ar\/sitio\/wp-json\/wp\/v2\/users\/1533"}],"replies":[{"embeddable":true,"href":"https:\/\/isfdyt209-bue.infd.edu.ar\/sitio\/wp-json\/wp\/v2\/comments?post=5780"}],"version-history":[{"count":81,"href":"https:\/\/isfdyt209-bue.infd.edu.ar\/sitio\/wp-json\/wp\/v2\/pages\/5780\/revisions"}],"predecessor-version":[{"id":7135,"href":"https:\/\/isfdyt209-bue.infd.edu.ar\/sitio\/wp-json\/wp\/v2\/pages\/5780\/revisions\/7135"}],"wp:attachment":[{"href":"https:\/\/isfdyt209-bue.infd.edu.ar\/sitio\/wp-json\/wp\/v2\/media?parent=5780"}],"curies":[{"name":"wp","href":"https:\/\/api.w.org\/{rel}","templated":true}]}}