{"id":5125,"date":"2024-01-17T09:06:00","date_gmt":"2024-01-17T12:06:00","guid":{"rendered":"https:\/\/isfdyt209-bue.infd.edu.ar\/sitio\/?page_id=5125"},"modified":"2025-07-11T18:29:34","modified_gmt":"2025-07-11T21:29:34","slug":"fechas-de-examen-noviembre-diciembre-2023","status":"publish","type":"page","link":"https:\/\/isfdyt209-bue.infd.edu.ar\/sitio\/fechas-de-examen-noviembre-diciembre-2023\/","title":{"rendered":"Mesas de Examen AGOSTO 2025"},"content":{"rendered":"\n<p class=\"has-base-background-color has-background\">       La&nbsp;inscripci\u00f3n&nbsp;a los Finales ser\u00e1 <strong><strong>del 7 al 14 de Julio de 18 a 21hs<\/strong><\/strong>, deber\u00e1n completar e<a href=\"https:\/\/isfdyt209-bue.infd.edu.ar\/sitio\/cupones-inscripcion-finales-2024\/\">l&nbsp;cup\u00f3n de inscripci\u00f3n<\/a>&nbsp;y entregarlo en Preceptor\u00eda&nbsp;<strong>(si se rinde alguna materia Libre&nbsp;<strong>indicar en el cup\u00f3n<\/strong>)<\/strong>. Se recomienda tener cooperadora al d\u00eda y controlar las&nbsp;<a href=\"https:\/\/isfdyt209-bue.infd.edu.ar\/sitio\/nuevo-regimen-de-correlativas-%e2%9a%a0%ef%b8%8fimportante-%e2%9a%a0%ef%b8%8f\/\"><strong>correlatividades<\/strong>&nbsp;<\/a>antes de anotarse para evitar inconvenientes el d\u00eda del examen. <strong>Las Mesas Comienzan el 4 de Agosto.<\/strong><\/p>\n\n\n\n<p><strong>-Otras observaciones:<\/strong><\/p>\n\n\n\n<p>&#x2705; Las Materias Promocionadas deben igual anotarse al final para firmar y acreditar la nota.<\/p>\n\n\n\n<p>&#x1f464; La inscripci\u00f3n es presencial, en caso de enviar a otra persona adjuntar una autorizaci\u00f3n firmada por el estudiante interesado<strong>.<\/strong><\/p>\n\n\n\n<p>&#x231a; Las mesas tienen una tolerancia de 15 minutos desde el inicio de la misma (dar aviso previo para causas excepcionales).<\/p>\n\n\n\n<p>&#x1f3ca;Las fechas de Nataci\u00f3n quedan sujetas a disponibilidad del Natatorio Municipal.<\/p>\n\n\n\n<p>&#x274c;&nbsp;<strong>ALUMNOS QUE NO TENGAN EL ANALITICO DEL SECUNDARIO NO PUEDEN RENDIR FINALES.<\/strong><\/p>\n\n\n\n<hr class=\"wp-block-separator has-alpha-channel-opacity\"\/>\n\n\n\n<h2 class=\"wp-block-heading has-text-align-center\">Fechas\u00a0<strong>Educaci\u00f3n F\u00edsica:<\/strong><\/h2>\n\n\n\n<figure class=\"wp-block-image size-large\"><img decoding=\"async\" loading=\"lazy\" width=\"1505\" height=\"1900\" src=\"https:\/\/isfdyt209-bue.infd.edu.ar\/sitio\/wp-content\/uploads\/2025\/07\/image-6-1505x1900.png\" alt=\"\" class=\"wp-image-7377\" srcset=\"https:\/\/isfdyt209-bue.infd.edu.ar\/sitio\/wp-content\/uploads\/2025\/07\/image-6-1505x1900.png 1505w, https:\/\/isfdyt209-bue.infd.edu.ar\/sitio\/wp-content\/uploads\/2025\/07\/image-6-792x1000.png 792w, https:\/\/isfdyt209-bue.infd.edu.ar\/sitio\/wp-content\/uploads\/2025\/07\/image-6-768x970.png 768w, https:\/\/isfdyt209-bue.infd.edu.ar\/sitio\/wp-content\/uploads\/2025\/07\/image-6-1216x1536.png 1216w, https:\/\/isfdyt209-bue.infd.edu.ar\/sitio\/wp-content\/uploads\/2025\/07\/image-6-1622x2048.png 1622w, https:\/\/isfdyt209-bue.infd.edu.ar\/sitio\/wp-content\/uploads\/2025\/07\/image-6.png 1976w\" sizes=\"(max-width: 1505px) 100vw, 1505px\" \/><\/figure>\n\n\n\n<div class=\"wp-block-buttons alignwide is-horizontal is-content-justification-center is-layout-flex wp-container-1\">\n<div class=\"wp-block-button is-style-fill\"><a class=\"wp-block-button__link has-text-align-center wp-element-button\" href=\"https:\/\/isfdyt209-bue.infd.edu.ar\/sitio\/wp-content\/uploads\/2025\/07\/Cupon-EF.pdf\" target=\"_blank\" rel=\"noreferrer noopener\"><mark style=\"background-color:rgba(0, 0, 0, 0);color:#00fb03\" class=\"has-inline-color\"><strong>Descargar Cup\u00f3n<\/strong><\/mark><\/a><\/div>\n\n\n\n<div class=\"wp-block-button is-style-fill\"><a class=\"wp-block-button__link has-text-align-center wp-element-button\" href=\"https:\/\/isfdyt209-bue.infd.edu.ar\/sitio\/wp-content\/uploads\/2025\/07\/image-6.png\"><mark style=\"background-color:rgba(0, 0, 0, 0);color:#06ff00\" class=\"has-inline-color\"><strong>Descargar Fechas<\/strong><\/mark><\/a><\/div>\n<\/div>\n\n\n\n<hr class=\"wp-block-separator has-alpha-channel-opacity\"\/>\n\n\n\n<h2 class=\"wp-block-heading has-text-align-center\">Fechas\u00a0<strong>Educaci\u00f3n<\/strong>\u00a0Primaria:<\/h2>\n\n\n\n<figure class=\"wp-block-image size-large\"><img decoding=\"async\" loading=\"lazy\" width=\"1900\" height=\"1841\" src=\"https:\/\/isfdyt209-bue.infd.edu.ar\/sitio\/wp-content\/uploads\/2025\/07\/image-7-1900x1841.png\" alt=\"\" class=\"wp-image-7379\" srcset=\"https:\/\/isfdyt209-bue.infd.edu.ar\/sitio\/wp-content\/uploads\/2025\/07\/image-7-1900x1841.png 1900w, https:\/\/isfdyt209-bue.infd.edu.ar\/sitio\/wp-content\/uploads\/2025\/07\/image-7-1000x969.png 1000w, https:\/\/isfdyt209-bue.infd.edu.ar\/sitio\/wp-content\/uploads\/2025\/07\/image-7-768x744.png 768w, https:\/\/isfdyt209-bue.infd.edu.ar\/sitio\/wp-content\/uploads\/2025\/07\/image-7-1536x1489.png 1536w, https:\/\/isfdyt209-bue.infd.edu.ar\/sitio\/wp-content\/uploads\/2025\/07\/image-7.png 1976w\" sizes=\"(max-width: 1900px) 100vw, 1900px\" \/><\/figure>\n\n\n\n<div class=\"wp-block-buttons alignwide is-horizontal is-content-justification-center is-layout-flex wp-container-2\">\n<div class=\"wp-block-button is-style-fill\"><a class=\"wp-block-button__link has-text-align-center wp-element-button\" href=\"https:\/\/isfdyt209-bue.infd.edu.ar\/sitio\/wp-content\/uploads\/2025\/07\/Cupon-EP.pdf\"><mark style=\"background-color:rgba(0, 0, 0, 0);color:#faf700\" class=\"has-inline-color\"><strong>Descargar Cup\u00f3n<\/strong><\/mark><\/a><\/div>\n\n\n\n<div class=\"wp-block-button is-style-fill\"><a class=\"wp-block-button__link has-text-align-center wp-element-button\" href=\"https:\/\/isfdyt209-bue.infd.edu.ar\/sitio\/wp-content\/uploads\/2025\/07\/image-7.png\"><mark style=\"background-color:rgba(0, 0, 0, 0);color:#faf700\" class=\"has-inline-color\"><strong>Descargar Fechas<\/strong><\/mark><\/a><\/div>\n<\/div>\n\n\n\n<hr class=\"wp-block-separator has-alpha-channel-opacity\"\/>\n\n\n\n<h2 class=\"wp-block-heading has-text-align-center\">Fechas\u00a0<strong>Educaci\u00f3n<\/strong>\u00a0Inicial:<\/h2>\n\n\n\n<figure class=\"wp-block-image size-large\"><img decoding=\"async\" loading=\"lazy\" width=\"1882\" height=\"1900\" src=\"https:\/\/isfdyt209-bue.infd.edu.ar\/sitio\/wp-content\/uploads\/2025\/07\/image-8-1882x1900.png\" alt=\"\" class=\"wp-image-7380\" srcset=\"https:\/\/isfdyt209-bue.infd.edu.ar\/sitio\/wp-content\/uploads\/2025\/07\/image-8-1882x1900.png 1882w, https:\/\/isfdyt209-bue.infd.edu.ar\/sitio\/wp-content\/uploads\/2025\/07\/image-8-990x1000.png 990w, https:\/\/isfdyt209-bue.infd.edu.ar\/sitio\/wp-content\/uploads\/2025\/07\/image-8-768x775.png 768w, https:\/\/isfdyt209-bue.infd.edu.ar\/sitio\/wp-content\/uploads\/2025\/07\/image-8-1521x1536.png 1521w, https:\/\/isfdyt209-bue.infd.edu.ar\/sitio\/wp-content\/uploads\/2025\/07\/image-8.png 1976w\" sizes=\"(max-width: 1882px) 100vw, 1882px\" \/><\/figure>\n\n\n\n<div class=\"wp-block-buttons alignwide is-horizontal is-content-justification-center is-layout-flex wp-container-3\">\n<div class=\"wp-block-button is-style-fill\"><a class=\"wp-block-button__link has-text-align-center wp-element-button\" href=\"https:\/\/isfdyt209-bue.infd.edu.ar\/sitio\/wp-content\/uploads\/2025\/07\/Cupon-EI.pdf\"><mark style=\"background-color:rgba(0, 0, 0, 0);color:#ff73fd\" class=\"has-inline-color\"><strong>Descargar Cup\u00f3n<\/strong><\/mark><\/a><\/div>\n\n\n\n<div class=\"wp-block-button is-style-fill\"><a class=\"wp-block-button__link has-text-align-center wp-element-button\" href=\"https:\/\/isfdyt209-bue.infd.edu.ar\/sitio\/wp-content\/uploads\/2025\/07\/image-8.png\"><mark style=\"background-color:rgba(0, 0, 0, 0);color:#ff73fd\" class=\"has-inline-color\"><strong>Descargar Fechas<\/strong><\/mark><\/a><\/div>\n<\/div>\n\n\n\n<hr class=\"wp-block-separator has-alpha-channel-opacity\"\/>\n","protected":false},"excerpt":{"rendered":"<p>La&nbsp;inscripci\u00f3n&nbsp;a los Finales ser\u00e1 del 7 al 14 de Julio de 18 a 21hs, deber\u00e1n completar el&nbsp;cup\u00f3n de inscripci\u00f3n&nbsp;y entregarlo en Preceptor\u00eda&nbsp;(si se rinde alguna materia Libre&nbsp;indicar en el cup\u00f3n). Se recomienda tener cooperadora al d\u00eda y controlar las&nbsp;correlatividades&nbsp;antes de anotarse para evitar inconvenientes el d\u00eda del examen. Las Mesas Comienzan el 4 de Agosto. &#8230; <a title=\"Mesas de Examen AGOSTO 2025\" class=\"read-more\" href=\"https:\/\/isfdyt209-bue.infd.edu.ar\/sitio\/fechas-de-examen-noviembre-diciembre-2023\/\" aria-label=\"More on Mesas de Examen AGOSTO 2025\">[+]<\/a><\/p>\n","protected":false},"author":1533,"featured_media":0,"parent":0,"menu_order":0,"comment_status":"closed","ping_status":"closed","template":"","meta":[],"acf":[],"_links":{"self":[{"href":"https:\/\/isfdyt209-bue.infd.edu.ar\/sitio\/wp-json\/wp\/v2\/pages\/5125"}],"collection":[{"href":"https:\/\/isfdyt209-bue.infd.edu.ar\/sitio\/wp-json\/wp\/v2\/pages"}],"about":[{"href":"https:\/\/isfdyt209-bue.infd.edu.ar\/sitio\/wp-json\/wp\/v2\/types\/page"}],"author":[{"embeddable":true,"href":"https:\/\/isfdyt209-bue.infd.edu.ar\/sitio\/wp-json\/wp\/v2\/users\/1533"}],"replies":[{"embeddable":true,"href":"https:\/\/isfdyt209-bue.infd.edu.ar\/sitio\/wp-json\/wp\/v2\/comments?post=5125"}],"version-history":[{"count":30,"href":"https:\/\/isfdyt209-bue.infd.edu.ar\/sitio\/wp-json\/wp\/v2\/pages\/5125\/revisions"}],"predecessor-version":[{"id":7383,"href":"https:\/\/isfdyt209-bue.infd.edu.ar\/sitio\/wp-json\/wp\/v2\/pages\/5125\/revisions\/7383"}],"wp:attachment":[{"href":"https:\/\/isfdyt209-bue.infd.edu.ar\/sitio\/wp-json\/wp\/v2\/media?parent=5125"}],"curies":[{"name":"wp","href":"https:\/\/api.w.org\/{rel}","templated":true}]}}