{"id":4453,"date":"2023-08-04T20:14:35","date_gmt":"2023-08-04T23:14:35","guid":{"rendered":"https:\/\/isfdyt209-bue.infd.edu.ar\/sitio\/?page_id=4453"},"modified":"2026-03-30T18:44:18","modified_gmt":"2026-03-30T21:44:18","slug":"pedido-de-titulos-y-pases","status":"publish","type":"page","link":"https:\/\/isfdyt209-bue.infd.edu.ar\/sitio\/pedido-de-titulos-y-pases\/","title":{"rendered":"T\u00edtulos y Pases"},"content":{"rendered":"\n<p>    Para iniciar el Tramite del Titulo al rendir la ultima materia deben primero acercarse y presentar la libreta junto con la documentaci\u00f3n en mano a la Preceptor\u00eda, confirmar datos de contacto y luego enviar una copia de cada arichivo por mail a <a href=\"mailto:titulos.cefe@gmail.com\">titulos.cefe@gmail.com<\/a><\/p>\n\n\n\n<p><strong>Documentaci\u00f3n:<\/strong><\/p>\n\n\n\n<ul>\n<li>DNI<\/li>\n\n\n\n<li>Titulo Secundario<\/li>\n\n\n\n<li> Partida Nacimiento<\/li>\n<\/ul>\n\n\n\n<figure class=\"wp-block-image size-full\"><img decoding=\"async\" loading=\"lazy\" width=\"1200\" height=\"702\" src=\"https:\/\/isfdyt209-bue.infd.edu.ar\/sitio\/wp-content\/uploads\/2025\/11\/image-5.png\" alt=\"\" class=\"wp-image-7797\" srcset=\"https:\/\/isfdyt209-bue.infd.edu.ar\/sitio\/wp-content\/uploads\/2025\/11\/image-5.png 1200w, https:\/\/isfdyt209-bue.infd.edu.ar\/sitio\/wp-content\/uploads\/2025\/11\/image-5-1000x585.png 1000w, https:\/\/isfdyt209-bue.infd.edu.ar\/sitio\/wp-content\/uploads\/2025\/11\/image-5-768x449.png 768w\" sizes=\"(max-width: 1200px) 100vw, 1200px\" \/><\/figure>\n\n\n\n<p>  <\/p>\n\n\n\n<p>La digitalizaci\u00f3n del titulo tarda entre <strong>30 a 45 d\u00edas desde el dia que se acredita la ultima materia<\/strong>; en caso de llegar antes se notificara v\u00eda mail para que vengan a retirar la copia al instituto,<strong> evitar consultar antes del tiempo estimado; la carga es por tandas y no llegan todos al mismo tiempo<\/strong>.<\/p>\n\n\n\n<p>Para realizar el pedido de una <strong>Constancia de Titulo en tramite, Certificado de Ingreso a la Docencia o un Pase a otro instituto<\/strong> deber\u00e1n solicitarlo presencialmente a Secretaria; tardan un aproximado de 15 d\u00edas.<\/p>\n","protected":false},"excerpt":{"rendered":"<p>Para iniciar el Tramite del Titulo al rendir la ultima materia deben primero acercarse y presentar la libreta junto con la documentaci\u00f3n en mano a la Preceptor\u00eda, confirmar datos de contacto y luego enviar una copia de cada arichivo por mail a titulos.cefe@gmail.com Documentaci\u00f3n: La digitalizaci\u00f3n del titulo tarda entre 30 a 45 d\u00edas desde &#8230; <a title=\"T\u00edtulos y Pases\" class=\"read-more\" href=\"https:\/\/isfdyt209-bue.infd.edu.ar\/sitio\/pedido-de-titulos-y-pases\/\" aria-label=\"More on T\u00edtulos y Pases\">[+]<\/a><\/p>\n","protected":false},"author":1533,"featured_media":0,"parent":0,"menu_order":0,"comment_status":"closed","ping_status":"closed","template":"","meta":[],"acf":[],"_links":{"self":[{"href":"https:\/\/isfdyt209-bue.infd.edu.ar\/sitio\/wp-json\/wp\/v2\/pages\/4453"}],"collection":[{"href":"https:\/\/isfdyt209-bue.infd.edu.ar\/sitio\/wp-json\/wp\/v2\/pages"}],"about":[{"href":"https:\/\/isfdyt209-bue.infd.edu.ar\/sitio\/wp-json\/wp\/v2\/types\/page"}],"author":[{"embeddable":true,"href":"https:\/\/isfdyt209-bue.infd.edu.ar\/sitio\/wp-json\/wp\/v2\/users\/1533"}],"replies":[{"embeddable":true,"href":"https:\/\/isfdyt209-bue.infd.edu.ar\/sitio\/wp-json\/wp\/v2\/comments?post=4453"}],"version-history":[{"count":19,"href":"https:\/\/isfdyt209-bue.infd.edu.ar\/sitio\/wp-json\/wp\/v2\/pages\/4453\/revisions"}],"predecessor-version":[{"id":8049,"href":"https:\/\/isfdyt209-bue.infd.edu.ar\/sitio\/wp-json\/wp\/v2\/pages\/4453\/revisions\/8049"}],"wp:attachment":[{"href":"https:\/\/isfdyt209-bue.infd.edu.ar\/sitio\/wp-json\/wp\/v2\/media?parent=4453"}],"curies":[{"name":"wp","href":"https:\/\/api.w.org\/{rel}","templated":true}]}}