{"id":4349,"date":"2023-07-13T21:46:58","date_gmt":"2023-07-14T00:46:58","guid":{"rendered":"https:\/\/isfdyt209-bue.infd.edu.ar\/sitio\/?page_id=4349"},"modified":"2026-04-10T21:29:43","modified_gmt":"2026-04-11T00:29:43","slug":"horarios","status":"publish","type":"page","link":"https:\/\/isfdyt209-bue.infd.edu.ar\/sitio\/horarios\/","title":{"rendered":"&#x231a;Horarios del Instituto 2026"},"content":{"rendered":"\n<p><\/p>\n\n\n\n<h2 class=\"wp-block-heading\"><strong>Educaci\u00f3n F\u00edsica<\/strong>:<\/h2>\n\n\n\n<figure class=\"wp-block-image size-large\"><img decoding=\"async\" loading=\"lazy\" width=\"1900\" height=\"889\" src=\"https:\/\/isfdyt209-bue.infd.edu.ar\/sitio\/wp-content\/uploads\/2026\/03\/image-10-1900x889.png\" alt=\"\" class=\"wp-image-8040\" srcset=\"https:\/\/isfdyt209-bue.infd.edu.ar\/sitio\/wp-content\/uploads\/2026\/03\/image-10-1900x889.png 1900w, https:\/\/isfdyt209-bue.infd.edu.ar\/sitio\/wp-content\/uploads\/2026\/03\/image-10-1000x468.png 1000w, https:\/\/isfdyt209-bue.infd.edu.ar\/sitio\/wp-content\/uploads\/2026\/03\/image-10-768x359.png 768w, https:\/\/isfdyt209-bue.infd.edu.ar\/sitio\/wp-content\/uploads\/2026\/03\/image-10-1536x719.png 1536w, https:\/\/isfdyt209-bue.infd.edu.ar\/sitio\/wp-content\/uploads\/2026\/03\/image-10-2048x958.png 2048w\" sizes=\"(max-width: 1900px) 100vw, 1900px\" \/><\/figure>\n\n\n\n<p>&#x2b07;&#xfe0f;<a href=\"https:\/\/isfdyt209-bue.infd.edu.ar\/sitio\/wp-content\/uploads\/2026\/03\/image-10.png\">Descargar Horario Ed F\u00edsica<\/a><\/p>\n\n\n\n<hr class=\"wp-block-separator has-alpha-channel-opacity\"\/>\n\n\n\n<h2 class=\"wp-block-heading\"><\/h2>\n\n\n\n<h2 class=\"wp-block-heading\"><strong>Educaci\u00f3n Primaria:<\/strong><br><\/h2>\n\n\n\n<figure class=\"wp-block-image size-large\"><img decoding=\"async\" loading=\"lazy\" width=\"1900\" height=\"801\" src=\"https:\/\/isfdyt209-bue.infd.edu.ar\/sitio\/wp-content\/uploads\/2026\/03\/image-11-1900x801.png\" alt=\"\" class=\"wp-image-8043\" srcset=\"https:\/\/isfdyt209-bue.infd.edu.ar\/sitio\/wp-content\/uploads\/2026\/03\/image-11-1900x801.png 1900w, https:\/\/isfdyt209-bue.infd.edu.ar\/sitio\/wp-content\/uploads\/2026\/03\/image-11-1000x422.png 1000w, https:\/\/isfdyt209-bue.infd.edu.ar\/sitio\/wp-content\/uploads\/2026\/03\/image-11-768x324.png 768w, https:\/\/isfdyt209-bue.infd.edu.ar\/sitio\/wp-content\/uploads\/2026\/03\/image-11-1536x647.png 1536w, https:\/\/isfdyt209-bue.infd.edu.ar\/sitio\/wp-content\/uploads\/2026\/03\/image-11-2048x863.png 2048w\" sizes=\"(max-width: 1900px) 100vw, 1900px\" \/><\/figure>\n\n\n\n<p><a href=\"https:\/\/isfdyt209-bue.infd.edu.ar\/sitio\/wp-content\/uploads\/2026\/03\/image-11.png\">&#x2b07;&#xfe0f;Descargar Horario Ed Primaria<\/a><\/p>\n\n\n\n<hr class=\"wp-block-separator has-alpha-channel-opacity\"\/>\n\n\n\n<h2 class=\"wp-block-heading\">Educaci\u00f3n inicial: <br><\/h2>\n\n\n\n<figure class=\"wp-block-image size-large\"><img decoding=\"async\" loading=\"lazy\" width=\"1900\" height=\"801\" src=\"https:\/\/isfdyt209-bue.infd.edu.ar\/sitio\/wp-content\/uploads\/2026\/03\/image-9-1900x801.png\" alt=\"\" class=\"wp-image-8037\" srcset=\"https:\/\/isfdyt209-bue.infd.edu.ar\/sitio\/wp-content\/uploads\/2026\/03\/image-9-1900x801.png 1900w, https:\/\/isfdyt209-bue.infd.edu.ar\/sitio\/wp-content\/uploads\/2026\/03\/image-9-1000x422.png 1000w, https:\/\/isfdyt209-bue.infd.edu.ar\/sitio\/wp-content\/uploads\/2026\/03\/image-9-768x324.png 768w, https:\/\/isfdyt209-bue.infd.edu.ar\/sitio\/wp-content\/uploads\/2026\/03\/image-9-1536x648.png 1536w, https:\/\/isfdyt209-bue.infd.edu.ar\/sitio\/wp-content\/uploads\/2026\/03\/image-9-2048x864.png 2048w\" sizes=\"(max-width: 1900px) 100vw, 1900px\" \/><\/figure>\n\n\n\n<p><a href=\"https:\/\/isfdyt209-bue.infd.edu.ar\/sitio\/wp-content\/uploads\/2026\/03\/image-9.png\">&#x2b07;&#xfe0f;Descargar Horario Ed Inicial<\/a><\/p>\n","protected":false},"excerpt":{"rendered":"<p>Educaci\u00f3n F\u00edsica: &#x2b07;&#xfe0f;Descargar Horario Ed F\u00edsica Educaci\u00f3n Primaria: &#x2b07;&#xfe0f;Descargar Horario Ed Primaria Educaci\u00f3n inicial: &#x2b07;&#xfe0f;Descargar Horario Ed Inicial<\/p>\n","protected":false},"author":1533,"featured_media":0,"parent":0,"menu_order":0,"comment_status":"closed","ping_status":"closed","template":"","meta":[],"acf":[],"_links":{"self":[{"href":"https:\/\/isfdyt209-bue.infd.edu.ar\/sitio\/wp-json\/wp\/v2\/pages\/4349"}],"collection":[{"href":"https:\/\/isfdyt209-bue.infd.edu.ar\/sitio\/wp-json\/wp\/v2\/pages"}],"about":[{"href":"https:\/\/isfdyt209-bue.infd.edu.ar\/sitio\/wp-json\/wp\/v2\/types\/page"}],"author":[{"embeddable":true,"href":"https:\/\/isfdyt209-bue.infd.edu.ar\/sitio\/wp-json\/wp\/v2\/users\/1533"}],"replies":[{"embeddable":true,"href":"https:\/\/isfdyt209-bue.infd.edu.ar\/sitio\/wp-json\/wp\/v2\/comments?post=4349"}],"version-history":[{"count":58,"href":"https:\/\/isfdyt209-bue.infd.edu.ar\/sitio\/wp-json\/wp\/v2\/pages\/4349\/revisions"}],"predecessor-version":[{"id":8083,"href":"https:\/\/isfdyt209-bue.infd.edu.ar\/sitio\/wp-json\/wp\/v2\/pages\/4349\/revisions\/8083"}],"wp:attachment":[{"href":"https:\/\/isfdyt209-bue.infd.edu.ar\/sitio\/wp-json\/wp\/v2\/media?parent=4349"}],"curies":[{"name":"wp","href":"https:\/\/api.w.org\/{rel}","templated":true}]}}